{"id":907,"date":"2019-10-10T15:31:50","date_gmt":"2019-10-10T20:31:50","guid":{"rendered":"https:\/\/www.incluyeme.org\/?page_id=907"},"modified":"2024-01-09T17:53:49","modified_gmt":"2024-01-09T23:53:49","slug":"nuestros-programas","status":"publish","type":"page","link":"https:\/\/www.incluyeme.org\/en\/nuestros-programas\/","title":{"rendered":"Our Services"},"content":{"rendered":"<div data-elementor-type=\"wp-page\" data-elementor-id=\"907\" class=\"elementor elementor-907\" data-elementor-post-type=\"page\">\n\t\t\t\t\t\t<section class=\"elementor-section elementor-top-section elementor-element elementor-element-8965db7 elementor-section-boxed elementor-section-height-default elementor-section-height-default\" data-id=\"8965db7\" data-element_type=\"section\" data-e-type=\"section\">\n\t\t\t\t\t\t<div class=\"elementor-container elementor-column-gap-default\">\n\t\t\t\t\t<div class=\"elementor-column elementor-col-33 elementor-top-column elementor-element elementor-element-f70581c\" data-id=\"f70581c\" data-element_type=\"column\" data-e-type=\"column\">\n\t\t\t<div class=\"elementor-widget-wrap elementor-element-populated\">\n\t\t\t\t\t\t<div class=\"elementor-element elementor-element-f4120ab elementor-widget elementor-widget-heading\" data-id=\"f4120ab\" data-element_type=\"widget\" data-e-type=\"widget\" data-widget_type=\"heading.default\">\n\t\t\t\t<div class=\"elementor-widget-container\">\n\t\t\t\t\t<h2 class=\"elementor-heading-title elementor-size-default\">Training<\/h2>\t\t\t\t<\/div>\n\t\t\t\t<\/div>\n\t\t\t\t<div class=\"elementor-element elementor-element-0f368ae elementor-widget elementor-widget-text-editor\" data-id=\"0f368ae\" data-element_type=\"widget\" data-e-type=\"widget\" data-widget_type=\"text-editor.default\">\n\t\t\t\t<div class=\"elementor-widget-container\">\n\t\t\t\t\t\t\t\t\t<p>We provide quality and useful training for adults with intellectual disabilities, so that they strengthen the knowledge they already have and develop new skills that allow them to make their way towards full inclusion in society and in the world of work.<\/p>\t\t\t\t\t\t\t\t<\/div>\n\t\t\t\t<\/div>\n\t\t\t\t<div class=\"elementor-element elementor-element-c0380c1 elementor-widget elementor-widget-image\" data-id=\"c0380c1\" data-element_type=\"widget\" data-e-type=\"widget\" data-widget_type=\"image.default\">\n\t\t\t\t<div class=\"elementor-widget-container\">\n\t\t\t\t\t\t\t\t\t\t\t\t\t\t\t<img fetchpriority=\"high\" decoding=\"async\" width=\"1024\" height=\"683\" src=\"https:\/\/www.incluyeme.org\/wp-content\/uploads\/2023\/06\/IMG_9823_1-1024x683.jpg\" class=\"attachment-large size-large wp-image-12428\" alt=\"\" srcset=\"https:\/\/www.incluyeme.org\/wp-content\/uploads\/2023\/06\/IMG_9823_1-1024x683.jpg 1024w, https:\/\/www.incluyeme.org\/wp-content\/uploads\/2023\/06\/IMG_9823_1-300x200.jpg 300w, https:\/\/www.incluyeme.org\/wp-content\/uploads\/2023\/06\/IMG_9823_1-768x512.jpg 768w, https:\/\/www.incluyeme.org\/wp-content\/uploads\/2023\/06\/IMG_9823_1-1536x1024.jpg 1536w, https:\/\/www.incluyeme.org\/wp-content\/uploads\/2023\/06\/IMG_9823_1-2048x1365.jpg 2048w, https:\/\/www.incluyeme.org\/wp-content\/uploads\/2023\/06\/IMG_9823_1-18x12.jpg 18w\" sizes=\"(max-width: 1024px) 100vw, 1024px\" \/>\t\t\t\t\t\t\t\t\t\t\t\t\t\t\t<\/div>\n\t\t\t\t<\/div>\n\t\t\t\t<div class=\"elementor-element elementor-element-fb1bab9 elementor-align-center elementor-widget elementor-widget-button\" data-id=\"fb1bab9\" data-element_type=\"widget\" data-e-type=\"widget\" data-widget_type=\"button.default\">\n\t\t\t\t<div class=\"elementor-widget-container\">\n\t\t\t\t\t\t\t\t\t<div class=\"elementor-button-wrapper\">\n\t\t\t\t\t<a class=\"elementor-button elementor-button-link elementor-size-sm\" href=\"https:\/\/www.incluyeme.org\/en\/nuestros-programas\/formacion\/\">\n\t\t\t\t\t\t<span class=\"elementor-button-content-wrapper\">\n\t\t\t\t\t\t\t\t\t<span class=\"elementor-button-text\">Know more<\/span>\n\t\t\t\t\t<\/span>\n\t\t\t\t\t<\/a>\n\t\t\t\t<\/div>\n\t\t\t\t\t\t\t\t<\/div>\n\t\t\t\t<\/div>\n\t\t\t\t\t<\/div>\n\t\t<\/div>\n\t\t\t\t<div class=\"elementor-column elementor-col-33 elementor-top-column elementor-element elementor-element-171dcbf\" data-id=\"171dcbf\" data-element_type=\"column\" data-e-type=\"column\">\n\t\t\t<div class=\"elementor-widget-wrap elementor-element-populated\">\n\t\t\t\t\t\t<div class=\"elementor-element elementor-element-e1ed02f elementor-widget elementor-widget-image\" data-id=\"e1ed02f\" data-element_type=\"widget\" data-e-type=\"widget\" data-widget_type=\"image.default\">\n\t\t\t\t<div class=\"elementor-widget-container\">\n\t\t\t\t\t\t\t\t\t\t\t\t\t\t\t<img decoding=\"async\" width=\"1280\" height=\"960\" src=\"https:\/\/www.incluyeme.org\/wp-content\/uploads\/2023\/06\/Imagen-de-WhatsApp-2023-04-14-a-las-12.45.21.jpg\" class=\"attachment-2048x2048 size-2048x2048 wp-image-12429\" alt=\"\" srcset=\"https:\/\/www.incluyeme.org\/wp-content\/uploads\/2023\/06\/Imagen-de-WhatsApp-2023-04-14-a-las-12.45.21.jpg 1280w, https:\/\/www.incluyeme.org\/wp-content\/uploads\/2023\/06\/Imagen-de-WhatsApp-2023-04-14-a-las-12.45.21-300x225.jpg 300w, https:\/\/www.incluyeme.org\/wp-content\/uploads\/2023\/06\/Imagen-de-WhatsApp-2023-04-14-a-las-12.45.21-1024x768.jpg 1024w, https:\/\/www.incluyeme.org\/wp-content\/uploads\/2023\/06\/Imagen-de-WhatsApp-2023-04-14-a-las-12.45.21-768x576.jpg 768w, https:\/\/www.incluyeme.org\/wp-content\/uploads\/2023\/06\/Imagen-de-WhatsApp-2023-04-14-a-las-12.45.21-16x12.jpg 16w\" sizes=\"(max-width: 1280px) 100vw, 1280px\" \/>\t\t\t\t\t\t\t\t\t\t\t\t\t\t\t<\/div>\n\t\t\t\t<\/div>\n\t\t\t\t\t<\/div>\n\t\t<\/div>\n\t\t\t\t<div class=\"elementor-column elementor-col-33 elementor-top-column elementor-element elementor-element-217cfb8\" data-id=\"217cfb8\" data-element_type=\"column\" data-e-type=\"column\">\n\t\t\t<div class=\"elementor-widget-wrap elementor-element-populated\">\n\t\t\t\t\t\t<div class=\"elementor-element elementor-element-35118fa elementor-widget elementor-widget-heading\" data-id=\"35118fa\" data-element_type=\"widget\" data-e-type=\"widget\" data-widget_type=\"heading.default\">\n\t\t\t\t<div class=\"elementor-widget-container\">\n\t\t\t\t\t<h2 class=\"elementor-heading-title elementor-size-default\">Adult Life <\/h2>\t\t\t\t<\/div>\n\t\t\t\t<\/div>\n\t\t\t\t<div class=\"elementor-element elementor-element-16e4baa elementor-widget elementor-widget-text-editor\" data-id=\"16e4baa\" data-element_type=\"widget\" data-e-type=\"widget\" data-widget_type=\"text-editor.default\">\n\t\t\t\t<div class=\"elementor-widget-container\">\n\t\t\t\t\t\t\t\t\t<p>We have services that promote the autonomy of adults with intellectual disabilities, so that they can enjoy an independent life, access to employment and full inclusion in society and the community.<\/p>\t\t\t\t\t\t\t\t<\/div>\n\t\t\t\t<\/div>\n\t\t\t\t<div class=\"elementor-element elementor-element-bf9a453 elementor-widget elementor-widget-image\" data-id=\"bf9a453\" data-element_type=\"widget\" data-e-type=\"widget\" data-widget_type=\"image.default\">\n\t\t\t\t<div class=\"elementor-widget-container\">\n\t\t\t\t\t\t\t\t\t\t\t\t\t\t\t<img decoding=\"async\" width=\"1024\" height=\"731\" src=\"https:\/\/www.incluyeme.org\/wp-content\/uploads\/2023\/06\/isla_usuarios-1024x731.jpg\" class=\"attachment-large size-large wp-image-12431\" alt=\"\" srcset=\"https:\/\/www.incluyeme.org\/wp-content\/uploads\/2023\/06\/isla_usuarios-1024x731.jpg 1024w, https:\/\/www.incluyeme.org\/wp-content\/uploads\/2023\/06\/isla_usuarios-300x214.jpg 300w, https:\/\/www.incluyeme.org\/wp-content\/uploads\/2023\/06\/isla_usuarios-768x548.jpg 768w, https:\/\/www.incluyeme.org\/wp-content\/uploads\/2023\/06\/isla_usuarios-1536x1097.jpg 1536w, https:\/\/www.incluyeme.org\/wp-content\/uploads\/2023\/06\/isla_usuarios-18x12.jpg 18w, https:\/\/www.incluyeme.org\/wp-content\/uploads\/2023\/06\/isla_usuarios.jpg 2000w\" sizes=\"(max-width: 1024px) 100vw, 1024px\" \/>\t\t\t\t\t\t\t\t\t\t\t\t\t\t\t<\/div>\n\t\t\t\t<\/div>\n\t\t\t\t<div class=\"elementor-element elementor-element-76ee374 elementor-align-center elementor-widget elementor-widget-button\" data-id=\"76ee374\" data-element_type=\"widget\" data-e-type=\"widget\" data-widget_type=\"button.default\">\n\t\t\t\t<div class=\"elementor-widget-container\">\n\t\t\t\t\t\t\t\t\t<div class=\"elementor-button-wrapper\">\n\t\t\t\t\t<a class=\"elementor-button elementor-button-link elementor-size-sm\" href=\"https:\/\/www.incluyeme.org\/en\/nuestros-programas\/vida-adulta\/\">\n\t\t\t\t\t\t<span class=\"elementor-button-content-wrapper\">\n\t\t\t\t\t\t\t\t\t<span class=\"elementor-button-text\">Know more<\/span>\n\t\t\t\t\t<\/span>\n\t\t\t\t\t<\/a>\n\t\t\t\t<\/div>\n\t\t\t\t\t\t\t\t<\/div>\n\t\t\t\t<\/div>\n\t\t\t\t\t<\/div>\n\t\t<\/div>\n\t\t\t\t\t<\/div>\n\t\t<\/section>\n\t\t\t\t<section class=\"elementor-section elementor-top-section elementor-element elementor-element-af4cf44 elementor-section-boxed elementor-section-height-default elementor-section-height-default\" data-id=\"af4cf44\" data-element_type=\"section\" data-e-type=\"section\">\n\t\t\t\t\t\t<div class=\"elementor-container elementor-column-gap-default\">\n\t\t\t\t\t<div class=\"elementor-column elementor-col-33 elementor-top-column elementor-element elementor-element-d17b2dd\" data-id=\"d17b2dd\" data-element_type=\"column\" data-e-type=\"column\">\n\t\t\t<div class=\"elementor-widget-wrap elementor-element-populated\">\n\t\t\t\t\t\t<div class=\"elementor-element elementor-element-9025b55 elementor-widget elementor-widget-image\" data-id=\"9025b55\" data-element_type=\"widget\" data-e-type=\"widget\" data-widget_type=\"image.default\">\n\t\t\t\t<div class=\"elementor-widget-container\">\n\t\t\t\t\t\t\t\t\t\t\t\t\t\t\t<img loading=\"lazy\" decoding=\"async\" width=\"1024\" height=\"683\" src=\"https:\/\/www.incluyeme.org\/wp-content\/uploads\/2023\/06\/IMG_0798-1024x683.jpg\" class=\"attachment-large size-large wp-image-12496\" alt=\"\" srcset=\"https:\/\/www.incluyeme.org\/wp-content\/uploads\/2023\/06\/IMG_0798-1024x683.jpg 1024w, https:\/\/www.incluyeme.org\/wp-content\/uploads\/2023\/06\/IMG_0798-300x200.jpg 300w, https:\/\/www.incluyeme.org\/wp-content\/uploads\/2023\/06\/IMG_0798-768x512.jpg 768w, https:\/\/www.incluyeme.org\/wp-content\/uploads\/2023\/06\/IMG_0798-1536x1024.jpg 1536w, https:\/\/www.incluyeme.org\/wp-content\/uploads\/2023\/06\/IMG_0798-2048x1365.jpg 2048w, https:\/\/www.incluyeme.org\/wp-content\/uploads\/2023\/06\/IMG_0798-18x12.jpg 18w\" sizes=\"(max-width: 1024px) 100vw, 1024px\" \/>\t\t\t\t\t\t\t\t\t\t\t\t\t\t\t<\/div>\n\t\t\t\t<\/div>\n\t\t\t\t\t<\/div>\n\t\t<\/div>\n\t\t\t\t<div class=\"elementor-column elementor-col-33 elementor-top-column elementor-element elementor-element-8aac785\" data-id=\"8aac785\" data-element_type=\"column\" data-e-type=\"column\">\n\t\t\t<div class=\"elementor-widget-wrap elementor-element-populated\">\n\t\t\t\t\t\t<div class=\"elementor-element elementor-element-8b674d5 elementor-widget elementor-widget-heading\" data-id=\"8b674d5\" data-element_type=\"widget\" data-e-type=\"widget\" data-widget_type=\"heading.default\">\n\t\t\t\t<div class=\"elementor-widget-container\">\n\t\t\t\t\t<h2 class=\"elementor-heading-title elementor-size-default\">Families<\/h2>\t\t\t\t<\/div>\n\t\t\t\t<\/div>\n\t\t\t\t<div class=\"elementor-element elementor-element-831ef10 elementor-widget elementor-widget-text-editor\" data-id=\"831ef10\" data-element_type=\"widget\" data-e-type=\"widget\" data-widget_type=\"text-editor.default\">\n\t\t\t\t<div class=\"elementor-widget-container\">\n\t\t\t\t\t\t\t\t\t<p><span style=\"color: #333300;\">We work with the families of people with intellectual disabilities belonging to the different programs offered by Fundaci\u00f3n Incl\u00fayeme.<\/span><\/p>\t\t\t\t\t\t\t\t<\/div>\n\t\t\t\t<\/div>\n\t\t\t\t<div class=\"elementor-element elementor-element-df6e83f elementor-align-center elementor-widget elementor-widget-button\" data-id=\"df6e83f\" data-element_type=\"widget\" data-e-type=\"widget\" data-widget_type=\"button.default\">\n\t\t\t\t<div class=\"elementor-widget-container\">\n\t\t\t\t\t\t\t\t\t<div class=\"elementor-button-wrapper\">\n\t\t\t\t\t<a class=\"elementor-button elementor-button-link elementor-size-sm\" href=\"https:\/\/www.incluyeme.org\/en\/nuestros-programas\/familias\/\">\n\t\t\t\t\t\t<span class=\"elementor-button-content-wrapper\">\n\t\t\t\t\t\t\t\t\t<span class=\"elementor-button-text\">Know more<\/span>\n\t\t\t\t\t<\/span>\n\t\t\t\t\t<\/a>\n\t\t\t\t<\/div>\n\t\t\t\t\t\t\t\t<\/div>\n\t\t\t\t<\/div>\n\t\t\t\t\t<\/div>\n\t\t<\/div>\n\t\t\t\t<div class=\"elementor-column elementor-col-33 elementor-top-column elementor-element elementor-element-91b55d3\" data-id=\"91b55d3\" data-element_type=\"column\" data-e-type=\"column\">\n\t\t\t<div class=\"elementor-widget-wrap elementor-element-populated\">\n\t\t\t\t\t\t<div class=\"elementor-element elementor-element-5aeed24 elementor-widget elementor-widget-image\" data-id=\"5aeed24\" data-element_type=\"widget\" data-e-type=\"widget\" data-widget_type=\"image.default\">\n\t\t\t\t<div class=\"elementor-widget-container\">\n\t\t\t\t\t\t\t\t\t\t\t\t\t\t\t<img loading=\"lazy\" decoding=\"async\" width=\"1024\" height=\"683\" src=\"https:\/\/www.incluyeme.org\/wp-content\/uploads\/2023\/06\/IMG_9646-1024x683.jpg\" class=\"attachment-large size-large wp-image-12497\" alt=\"\" srcset=\"https:\/\/www.incluyeme.org\/wp-content\/uploads\/2023\/06\/IMG_9646-1024x683.jpg 1024w, https:\/\/www.incluyeme.org\/wp-content\/uploads\/2023\/06\/IMG_9646-300x200.jpg 300w, https:\/\/www.incluyeme.org\/wp-content\/uploads\/2023\/06\/IMG_9646-768x512.jpg 768w, https:\/\/www.incluyeme.org\/wp-content\/uploads\/2023\/06\/IMG_9646-1536x1024.jpg 1536w, https:\/\/www.incluyeme.org\/wp-content\/uploads\/2023\/06\/IMG_9646-2048x1365.jpg 2048w, https:\/\/www.incluyeme.org\/wp-content\/uploads\/2023\/06\/IMG_9646-18x12.jpg 18w\" sizes=\"(max-width: 1024px) 100vw, 1024px\" \/>\t\t\t\t\t\t\t\t\t\t\t\t\t\t\t<\/div>\n\t\t\t\t<\/div>\n\t\t\t\t\t<\/div>\n\t\t<\/div>\n\t\t\t\t\t<\/div>\n\t\t<\/section>\n\t\t\t\t<\/div>","protected":false},"excerpt":{"rendered":"<p>Formaci\u00f3n Brindamos formaci\u00f3n de calidad y \u00fatil para adultos con discapacidad intelectual, para que fortalezcan los conocimientos con los que ya cuentan y desarrollen nuevas habilidades que les permitan abrirse camino hacia una inclusi\u00f3n plena en la sociedad y en el mundo laboral. Conocer m\u00e1s Vida Adulta Contamos con servicios que promueven la autonom\u00eda de [&hellip;]<\/p>\n","protected":false},"author":19,"featured_media":0,"parent":0,"menu_order":0,"comment_status":"closed","ping_status":"closed","template":"","meta":{"site-sidebar-layout":"no-sidebar","site-content-layout":"page-builder","ast-site-content-layout":"default","site-content-style":"default","site-sidebar-style":"default","ast-global-header-display":"","ast-banner-title-visibility":"","ast-main-header-display":"","ast-hfb-above-header-display":"","ast-hfb-below-header-display":"","ast-hfb-mobile-header-display":"","site-post-title":"disabled","ast-breadcrumbs-content":"","ast-featured-img":"disabled","footer-sml-layout":"","ast-disable-related-posts":"","theme-transparent-header-meta":"default","adv-header-id-meta":"","stick-header-meta":"","header-above-stick-meta":"","header-main-stick-meta":"","header-below-stick-meta":"","astra-migrate-meta-layouts":"default","ast-page-background-enabled":"default","ast-page-background-meta":{"desktop":{"background-color":"","background-image":"","background-repeat":"repeat","background-position":"center center","background-size":"auto","background-attachment":"scroll","background-type":"","background-media":"","overlay-type":"","overlay-color":"","overlay-opacity":"","overlay-gradient":""},"tablet":{"background-color":"","background-image":"","background-repeat":"repeat","background-position":"center center","background-size":"auto","background-attachment":"scroll","background-type":"","background-media":"","overlay-type":"","overlay-color":"","overlay-opacity":"","overlay-gradient":""},"mobile":{"background-color":"","background-image":"","background-repeat":"repeat","background-position":"center center","background-size":"auto","background-attachment":"scroll","background-type":"","background-media":"","overlay-type":"","overlay-color":"","overlay-opacity":"","overlay-gradient":""}},"ast-content-background-meta":{"desktop":{"background-color":"var(--ast-global-color-5)","background-image":"","background-repeat":"repeat","background-position":"center center","background-size":"auto","background-attachment":"scroll","background-type":"","background-media":"","overlay-type":"","overlay-color":"","overlay-opacity":"","overlay-gradient":""},"tablet":{"background-color":"var(--ast-global-color-5)","background-image":"","background-repeat":"repeat","background-position":"center center","background-size":"auto","background-attachment":"scroll","background-type":"","background-media":"","overlay-type":"","overlay-color":"","overlay-opacity":"","overlay-gradient":""},"mobile":{"background-color":"var(--ast-global-color-5)","background-image":"","background-repeat":"repeat","background-position":"center center","background-size":"auto","background-attachment":"scroll","background-type":"","background-media":"","overlay-type":"","overlay-color":"","overlay-opacity":"","overlay-gradient":""}},"footnotes":""},"class_list":["post-907","page","type-page","status-publish","hentry"],"_links":{"self":[{"href":"https:\/\/www.incluyeme.org\/en\/wp-json\/wp\/v2\/pages\/907","targetHints":{"allow":["GET"]}}],"collection":[{"href":"https:\/\/www.incluyeme.org\/en\/wp-json\/wp\/v2\/pages"}],"about":[{"href":"https:\/\/www.incluyeme.org\/en\/wp-json\/wp\/v2\/types\/page"}],"author":[{"embeddable":true,"href":"https:\/\/www.incluyeme.org\/en\/wp-json\/wp\/v2\/users\/19"}],"replies":[{"embeddable":true,"href":"https:\/\/www.incluyeme.org\/en\/wp-json\/wp\/v2\/comments?post=907"}],"version-history":[{"count":47,"href":"https:\/\/www.incluyeme.org\/en\/wp-json\/wp\/v2\/pages\/907\/revisions"}],"predecessor-version":[{"id":13058,"href":"https:\/\/www.incluyeme.org\/en\/wp-json\/wp\/v2\/pages\/907\/revisions\/13058"}],"wp:attachment":[{"href":"https:\/\/www.incluyeme.org\/en\/wp-json\/wp\/v2\/media?parent=907"}],"curies":[{"name":"wp","href":"https:\/\/api.w.org\/{rel}","templated":true}]}}