{"id":3968,"date":"2019-12-05T09:05:23","date_gmt":"2019-12-05T15:05:23","guid":{"rendered":"https:\/\/www.incluyeme.org\/?page_id=3968"},"modified":"2023-07-10T17:55:09","modified_gmt":"2023-07-10T23:55:09","slug":"accion","status":"publish","type":"page","link":"https:\/\/www.incluyeme.org\/en\/accion\/","title":{"rendered":"Actions"},"content":{"rendered":"<div data-elementor-type=\"wp-page\" data-elementor-id=\"3968\" class=\"elementor elementor-3968\" data-elementor-post-type=\"page\">\n\t\t\t\t\t\t<section class=\"elementor-section elementor-top-section elementor-element elementor-element-7c3c3694 elementor-section-boxed elementor-section-height-default elementor-section-height-default\" data-id=\"7c3c3694\" data-element_type=\"section\" data-e-type=\"section\">\n\t\t\t\t\t\t<div class=\"elementor-container elementor-column-gap-default\">\n\t\t\t\t\t<div class=\"elementor-column elementor-col-100 elementor-top-column elementor-element elementor-element-356f054\" data-id=\"356f054\" data-element_type=\"column\" data-e-type=\"column\">\n\t\t\t<div class=\"elementor-widget-wrap elementor-element-populated\">\n\t\t\t\t\t\t<div class=\"elementor-element elementor-element-65916e14 elementor-widget elementor-widget-heading\" data-id=\"65916e14\" data-element_type=\"widget\" data-e-type=\"widget\" data-widget_type=\"heading.default\">\n\t\t\t\t<div class=\"elementor-widget-container\">\n\t\t\t\t\t<h2 class=\"elementor-heading-title elementor-size-default\">Actions<\/h2>\t\t\t\t<\/div>\n\t\t\t\t<\/div>\n\t\t\t\t<div class=\"elementor-element elementor-element-5d065630 elementor-grid-3 elementor-grid-tablet-2 elementor-grid-mobile-1 elementor-posts--thumbnail-top elementor-widget elementor-widget-posts\" data-id=\"5d065630\" data-element_type=\"widget\" data-e-type=\"widget\" data-settings=\"{&quot;pagination_type&quot;:&quot;numbers_and_prev_next&quot;,&quot;classic_columns&quot;:&quot;3&quot;,&quot;classic_columns_tablet&quot;:&quot;2&quot;,&quot;classic_columns_mobile&quot;:&quot;1&quot;,&quot;classic_row_gap&quot;:{&quot;unit&quot;:&quot;px&quot;,&quot;size&quot;:35,&quot;sizes&quot;:[]},&quot;classic_row_gap_tablet&quot;:{&quot;unit&quot;:&quot;px&quot;,&quot;size&quot;:&quot;&quot;,&quot;sizes&quot;:[]},&quot;classic_row_gap_mobile&quot;:{&quot;unit&quot;:&quot;px&quot;,&quot;size&quot;:&quot;&quot;,&quot;sizes&quot;:[]}}\" data-widget_type=\"posts.classic\">\n\t\t\t\t<div class=\"elementor-widget-container\">\n\t\t\t\t\t\t\t<div class=\"elementor-posts-container elementor-posts elementor-posts--skin-classic elementor-grid\" role=\"list\">\n\t\t\t\t<article class=\"elementor-post elementor-grid-item post-13428 post type-post status-publish format-standard has-post-thumbnail hentry category-accion tag-accesibilidad tag-autismo tag-discapacidad tag-discapacidad-intelectual tag-fundacion-incluyeme tag-inclusion tag-inclusion-laboral tag-inclusion-social tag-vida-independiente\" role=\"listitem\">\n\t\t\t\t<a class=\"elementor-post__thumbnail__link\" href=\"https:\/\/www.incluyeme.org\/en\/accion\/las-redes-sociales-como-herramienta-de-comunicacion-social\/\" tabindex=\"-1\" >\n\t\t\t<div class=\"elementor-post__thumbnail\"><img fetchpriority=\"high\" decoding=\"async\" width=\"169\" height=\"300\" src=\"https:\/\/www.incluyeme.org\/wp-content\/uploads\/2025\/03\/IMG_20240430_111136-169x300.jpg\" class=\"attachment-medium size-medium wp-image-13431\" alt=\"\" srcset=\"https:\/\/www.incluyeme.org\/wp-content\/uploads\/2025\/03\/IMG_20240430_111136-169x300.jpg 169w, https:\/\/www.incluyeme.org\/wp-content\/uploads\/2025\/03\/IMG_20240430_111136-576x1024.jpg 576w, https:\/\/www.incluyeme.org\/wp-content\/uploads\/2025\/03\/IMG_20240430_111136-768x1365.jpg 768w, https:\/\/www.incluyeme.org\/wp-content\/uploads\/2025\/03\/IMG_20240430_111136-864x1536.jpg 864w, https:\/\/www.incluyeme.org\/wp-content\/uploads\/2025\/03\/IMG_20240430_111136-7x12.jpg 7w, https:\/\/www.incluyeme.org\/wp-content\/uploads\/2025\/03\/IMG_20240430_111136.jpg 1080w\" sizes=\"(max-width: 169px) 100vw, 169px\" \/><\/div>\n\t\t<\/a>\n\t\t\t\t<div class=\"elementor-post__text\">\n\t\t\t\t<h3 class=\"elementor-post__title\">\n\t\t\t<a href=\"https:\/\/www.incluyeme.org\/en\/accion\/las-redes-sociales-como-herramienta-de-comunicacion-social\/\" >\n\t\t\t\tLas Redes Sociales como herramienta de comunicaci\u00f3n social\t\t\t<\/a>\n\t\t<\/h3>\n\t\t\t\t<div class=\"elementor-post__meta-data\">\n\t\t\t\t\t<span class=\"elementor-post-date\">\n\t\t\tJanuary 17, 2025\t\t<\/span>\n\t\t\t\t<span class=\"elementor-post-avatar\">\n\t\t\tNo Comments\t\t<\/span>\n\t\t\t\t<\/div>\n\t\t\t\t<div class=\"elementor-post__excerpt\">\n\t\t\t<p>En la era digital, las redes sociales han revolucionado la forma en que las Organizaciones No Gubernamentales (ONG) pueden comunicar su labor, promover sus causas<\/p>\n\t\t<\/div>\n\t\t\n\t\t<a class=\"elementor-post__read-more\" href=\"https:\/\/www.incluyeme.org\/en\/accion\/las-redes-sociales-como-herramienta-de-comunicacion-social\/\" aria-label=\"Read more about Las Redes Sociales como herramienta de comunicaci\u00f3n social\" tabindex=\"-1\" >\n\t\t\tLeer M\u00e1s &gt;&gt;\t\t<\/a>\n\n\t\t\t\t<\/div>\n\t\t\t\t<\/article>\n\t\t\t\t<article class=\"elementor-post elementor-grid-item post-13398 post type-post status-publish format-standard has-post-thumbnail hentry category-accion tag-discapacidad tag-discapacidad-intelectual tag-inclusion tag-inclusion-laboral tag-inclusion-social\" role=\"listitem\">\n\t\t\t\t<a class=\"elementor-post__thumbnail__link\" href=\"https:\/\/www.incluyeme.org\/en\/accion\/mi-servicio-social-en-fundacion-incluyeme\/\" tabindex=\"-1\" >\n\t\t\t<div class=\"elementor-post__thumbnail\"><img decoding=\"async\" width=\"300\" height=\"172\" src=\"https:\/\/www.incluyeme.org\/wp-content\/uploads\/2024\/06\/IMG-20230428-WA0017-300x172.jpg\" class=\"attachment-medium size-medium wp-image-13407\" alt=\"\" srcset=\"https:\/\/www.incluyeme.org\/wp-content\/uploads\/2024\/06\/IMG-20230428-WA0017-300x172.jpg 300w, https:\/\/www.incluyeme.org\/wp-content\/uploads\/2024\/06\/IMG-20230428-WA0017-1024x588.jpg 1024w, https:\/\/www.incluyeme.org\/wp-content\/uploads\/2024\/06\/IMG-20230428-WA0017-768x441.jpg 768w, https:\/\/www.incluyeme.org\/wp-content\/uploads\/2024\/06\/IMG-20230428-WA0017-1536x882.jpg 1536w, https:\/\/www.incluyeme.org\/wp-content\/uploads\/2024\/06\/IMG-20230428-WA0017-18x10.jpg 18w, https:\/\/www.incluyeme.org\/wp-content\/uploads\/2024\/06\/IMG-20230428-WA0017.jpg 1600w\" sizes=\"(max-width: 300px) 100vw, 300px\" \/><\/div>\n\t\t<\/a>\n\t\t\t\t<div class=\"elementor-post__text\">\n\t\t\t\t<h3 class=\"elementor-post__title\">\n\t\t\t<a href=\"https:\/\/www.incluyeme.org\/en\/accion\/mi-servicio-social-en-fundacion-incluyeme\/\" >\n\t\t\t\tMi servicio social en Fundaci\u00f3n Incl\u00fayeme.\t\t\t<\/a>\n\t\t<\/h3>\n\t\t\t\t<div class=\"elementor-post__meta-data\">\n\t\t\t\t\t<span class=\"elementor-post-date\">\n\t\t\tJune 14, 2024\t\t<\/span>\n\t\t\t\t<span class=\"elementor-post-avatar\">\n\t\t\tNo Comments\t\t<\/span>\n\t\t\t\t<\/div>\n\t\t\t\t<div class=\"elementor-post__excerpt\">\n\t\t\t<p>\u00a1Hola a todos! Soy Naomi, estudiante de Mercadotecnia en la Universidad Iberoamericana y hoy quiero compartirles una experiencia que me ha marcado un antes y<\/p>\n\t\t<\/div>\n\t\t\n\t\t<a class=\"elementor-post__read-more\" href=\"https:\/\/www.incluyeme.org\/en\/accion\/mi-servicio-social-en-fundacion-incluyeme\/\" aria-label=\"Read more about Mi servicio social en Fundaci\u00f3n Incl\u00fayeme.\" tabindex=\"-1\" >\n\t\t\tLeer M\u00e1s &gt;&gt;\t\t<\/a>\n\n\t\t\t\t<\/div>\n\t\t\t\t<\/article>\n\t\t\t\t<article class=\"elementor-post elementor-grid-item post-13296 post type-post status-publish format-standard has-post-thumbnail hentry category-accion tag-accesibilidad tag-autismo tag-discapacidad tag-discapacidad-intelectual tag-fundacion-incluyeme tag-inclusion tag-inclusion-laboral tag-inclusion-social tag-pcd tag-vida-independiente\" role=\"listitem\">\n\t\t\t\t<a class=\"elementor-post__thumbnail__link\" href=\"https:\/\/www.incluyeme.org\/en\/accion\/voluntariado-en-el-imss-por-usuarios-de-fundacion-incluyeme\/\" tabindex=\"-1\" >\n\t\t\t<div class=\"elementor-post__thumbnail\"><img decoding=\"async\" width=\"300\" height=\"268\" src=\"https:\/\/www.incluyeme.org\/wp-content\/uploads\/2024\/06\/Imagen-de-WhatsApp-2023-07-26-a-las-11.51.08-300x268.jpg\" class=\"attachment-medium size-medium wp-image-13297\" alt=\"\" srcset=\"https:\/\/www.incluyeme.org\/wp-content\/uploads\/2024\/06\/Imagen-de-WhatsApp-2023-07-26-a-las-11.51.08-300x268.jpg 300w, https:\/\/www.incluyeme.org\/wp-content\/uploads\/2024\/06\/Imagen-de-WhatsApp-2023-07-26-a-las-11.51.08-1024x915.jpg 1024w, https:\/\/www.incluyeme.org\/wp-content\/uploads\/2024\/06\/Imagen-de-WhatsApp-2023-07-26-a-las-11.51.08-768x686.jpg 768w, https:\/\/www.incluyeme.org\/wp-content\/uploads\/2024\/06\/Imagen-de-WhatsApp-2023-07-26-a-las-11.51.08-1536x1373.jpg 1536w, https:\/\/www.incluyeme.org\/wp-content\/uploads\/2024\/06\/Imagen-de-WhatsApp-2023-07-26-a-las-11.51.08-13x12.jpg 13w, https:\/\/www.incluyeme.org\/wp-content\/uploads\/2024\/06\/Imagen-de-WhatsApp-2023-07-26-a-las-11.51.08.jpg 1600w\" sizes=\"(max-width: 300px) 100vw, 300px\" \/><\/div>\n\t\t<\/a>\n\t\t\t\t<div class=\"elementor-post__text\">\n\t\t\t\t<h3 class=\"elementor-post__title\">\n\t\t\t<a href=\"https:\/\/www.incluyeme.org\/en\/accion\/voluntariado-en-el-imss-por-usuarios-de-fundacion-incluyeme\/\" >\n\t\t\t\tVoluntariado en el IMSS por usuarios de Fundaci\u00f3n Incl\u00fayeme\t\t\t<\/a>\n\t\t<\/h3>\n\t\t\t\t<div class=\"elementor-post__meta-data\">\n\t\t\t\t\t<span class=\"elementor-post-date\">\n\t\t\tMay 31, 2024\t\t<\/span>\n\t\t\t\t<span class=\"elementor-post-avatar\">\n\t\t\tNo Comments\t\t<\/span>\n\t\t\t\t<\/div>\n\t\t\t\t<div class=\"elementor-post__excerpt\">\n\t\t\t<p>Te invitamos a conocer el trabajo de nuestros usuarios como voluntarios en el Centro Medico Siglo XXI del IMSS.https:\/\/youtu.be\/A6gcLGUh7yQ?si=BaQ6zdDGN3x0CD0V<\/p>\n\t\t<\/div>\n\t\t\n\t\t<a class=\"elementor-post__read-more\" href=\"https:\/\/www.incluyeme.org\/en\/accion\/voluntariado-en-el-imss-por-usuarios-de-fundacion-incluyeme\/\" aria-label=\"Read more about Voluntariado en el IMSS por usuarios de Fundaci\u00f3n Incl\u00fayeme\" tabindex=\"-1\" >\n\t\t\tLeer M\u00e1s &gt;&gt;\t\t<\/a>\n\n\t\t\t\t<\/div>\n\t\t\t\t<\/article>\n\t\t\t\t<article class=\"elementor-post elementor-grid-item post-13277 post type-post status-publish format-standard has-post-thumbnail hentry category-accion tag-cine\" role=\"listitem\">\n\t\t\t\t<a class=\"elementor-post__thumbnail__link\" href=\"https:\/\/www.incluyeme.org\/en\/accion\/la-laguna-rosa-una-premier-con-causa\/\" tabindex=\"-1\" >\n\t\t\t<div class=\"elementor-post__thumbnail\"><img loading=\"lazy\" decoding=\"async\" width=\"300\" height=\"220\" src=\"https:\/\/www.incluyeme.org\/wp-content\/uploads\/2024\/06\/funcion-21-300x220.jpg\" class=\"attachment-medium size-medium wp-image-13276\" alt=\"\" srcset=\"https:\/\/www.incluyeme.org\/wp-content\/uploads\/2024\/06\/funcion-21-300x220.jpg 300w, https:\/\/www.incluyeme.org\/wp-content\/uploads\/2024\/06\/funcion-21-1024x752.jpg 1024w, https:\/\/www.incluyeme.org\/wp-content\/uploads\/2024\/06\/funcion-21-768x564.jpg 768w, https:\/\/www.incluyeme.org\/wp-content\/uploads\/2024\/06\/funcion-21-16x12.jpg 16w, https:\/\/www.incluyeme.org\/wp-content\/uploads\/2024\/06\/funcion-21.jpg 1280w\" sizes=\"(max-width: 300px) 100vw, 300px\" \/><\/div>\n\t\t<\/a>\n\t\t\t\t<div class=\"elementor-post__text\">\n\t\t\t\t<h3 class=\"elementor-post__title\">\n\t\t\t<a href=\"https:\/\/www.incluyeme.org\/en\/accion\/la-laguna-rosa-una-premier-con-causa\/\" >\n\t\t\t\tLa Laguna Rosa, una premier con causa\t\t\t<\/a>\n\t\t<\/h3>\n\t\t\t\t<div class=\"elementor-post__meta-data\">\n\t\t\t\t\t<span class=\"elementor-post-date\">\n\t\t\tMarch 29, 2024\t\t<\/span>\n\t\t\t\t<span class=\"elementor-post-avatar\">\n\t\t\tNo Comments\t\t<\/span>\n\t\t\t\t<\/div>\n\t\t\t\t<div class=\"elementor-post__excerpt\">\n\t\t\t<p>Nuestra amiga Anamari fue a la premier de la pel\u00edcula &#8220;La Laguna Rosa&#8221; para platicar con su protagonista.Esta premier fue con causa y recaudado sera<\/p>\n\t\t<\/div>\n\t\t\n\t\t<a class=\"elementor-post__read-more\" href=\"https:\/\/www.incluyeme.org\/en\/accion\/la-laguna-rosa-una-premier-con-causa\/\" aria-label=\"Read more about La Laguna Rosa, una premier con causa\" tabindex=\"-1\" >\n\t\t\tLeer M\u00e1s &gt;&gt;\t\t<\/a>\n\n\t\t\t\t<\/div>\n\t\t\t\t<\/article>\n\t\t\t\t<article class=\"elementor-post elementor-grid-item post-13084 post type-post status-publish format-standard has-post-thumbnail hentry category-accion tag-accesibilidad tag-autismo tag-discapacidad tag-discapacidad-intelectual tag-fundacion-incluyeme tag-inclusion tag-inclusion-laboral tag-inclusion-social tag-pcd tag-vida-independiente\" role=\"listitem\">\n\t\t\t\t<a class=\"elementor-post__thumbnail__link\" href=\"https:\/\/www.incluyeme.org\/en\/accion\/paradigmas-y-discapacidad-parte-2\/\" tabindex=\"-1\" >\n\t\t\t<div class=\"elementor-post__thumbnail\"><img loading=\"lazy\" decoding=\"async\" width=\"290\" height=\"300\" src=\"https:\/\/www.incluyeme.org\/wp-content\/uploads\/2020\/12\/IMG-20200615-WA0018-1-290x300.jpg\" class=\"attachment-medium size-medium wp-image-11310\" alt=\"\" srcset=\"https:\/\/www.incluyeme.org\/wp-content\/uploads\/2020\/12\/IMG-20200615-WA0018-1-290x300.jpg 290w, https:\/\/www.incluyeme.org\/wp-content\/uploads\/2020\/12\/IMG-20200615-WA0018-1-768x796.jpg 768w, https:\/\/www.incluyeme.org\/wp-content\/uploads\/2020\/12\/IMG-20200615-WA0018-1.jpg 939w\" sizes=\"(max-width: 290px) 100vw, 290px\" \/><\/div>\n\t\t<\/a>\n\t\t\t\t<div class=\"elementor-post__text\">\n\t\t\t\t<h3 class=\"elementor-post__title\">\n\t\t\t<a href=\"https:\/\/www.incluyeme.org\/en\/accion\/paradigmas-y-discapacidad-parte-2\/\" >\n\t\t\t\tParadigmas y Discapacidad Parte 2\t\t\t<\/a>\n\t\t<\/h3>\n\t\t\t\t<div class=\"elementor-post__meta-data\">\n\t\t\t\t\t<span class=\"elementor-post-date\">\n\t\t\tDecember 29, 2023\t\t<\/span>\n\t\t\t\t<span class=\"elementor-post-avatar\">\n\t\t\tNo Comments\t\t<\/span>\n\t\t\t\t<\/div>\n\t\t\t\t<div class=\"elementor-post__excerpt\">\n\t\t\t<p>La segunda manifestaci\u00f3n del segundo bloque surge cuando el \u00e1rea m\u00e9dica interviene contundentemente en la b\u00fasqueda de alternativas de \u201csoluci\u00f3n\u201d o \u201ccura\u201d para estos seres<\/p>\n\t\t<\/div>\n\t\t\n\t\t<a class=\"elementor-post__read-more\" href=\"https:\/\/www.incluyeme.org\/en\/accion\/paradigmas-y-discapacidad-parte-2\/\" aria-label=\"Read more about Paradigmas y Discapacidad Parte 2\" tabindex=\"-1\" >\n\t\t\tLeer M\u00e1s &gt;&gt;\t\t<\/a>\n\n\t\t\t\t<\/div>\n\t\t\t\t<\/article>\n\t\t\t\t<article class=\"elementor-post elementor-grid-item post-13078 post type-post status-publish format-standard has-post-thumbnail hentry category-accion tag-accesibilidad tag-autismo tag-discapacidad tag-discapacidad-intelectual tag-fundacion-incluyeme tag-inclusion tag-inclusion-laboral tag-inclusion-social tag-pcd tag-vida-independiente\" role=\"listitem\">\n\t\t\t\t<a class=\"elementor-post__thumbnail__link\" href=\"https:\/\/www.incluyeme.org\/en\/accion\/paradigmas-y-discapacidad-parte-1\/\" tabindex=\"-1\" >\n\t\t\t<div class=\"elementor-post__thumbnail\"><img loading=\"lazy\" decoding=\"async\" width=\"200\" height=\"300\" src=\"https:\/\/www.incluyeme.org\/wp-content\/uploads\/2023\/06\/Incluyeme_-200x300.jpg\" class=\"attachment-medium size-medium wp-image-12359\" alt=\"\" srcset=\"https:\/\/www.incluyeme.org\/wp-content\/uploads\/2023\/06\/Incluyeme_-200x300.jpg 200w, https:\/\/www.incluyeme.org\/wp-content\/uploads\/2023\/06\/Incluyeme_-683x1024.jpg 683w, https:\/\/www.incluyeme.org\/wp-content\/uploads\/2023\/06\/Incluyeme_-768x1152.jpg 768w, https:\/\/www.incluyeme.org\/wp-content\/uploads\/2023\/06\/Incluyeme_-1024x1536.jpg 1024w, https:\/\/www.incluyeme.org\/wp-content\/uploads\/2023\/06\/Incluyeme_-1366x2048.jpg 1366w, https:\/\/www.incluyeme.org\/wp-content\/uploads\/2023\/06\/Incluyeme_-8x12.jpg 8w, https:\/\/www.incluyeme.org\/wp-content\/uploads\/2023\/06\/Incluyeme_-scaled.jpg 1707w\" sizes=\"(max-width: 200px) 100vw, 200px\" \/><\/div>\n\t\t<\/a>\n\t\t\t\t<div class=\"elementor-post__text\">\n\t\t\t\t<h3 class=\"elementor-post__title\">\n\t\t\t<a href=\"https:\/\/www.incluyeme.org\/en\/accion\/paradigmas-y-discapacidad-parte-1\/\" >\n\t\t\t\tParadigmas y Discapacidad Parte 1\t\t\t<\/a>\n\t\t<\/h3>\n\t\t\t\t<div class=\"elementor-post__meta-data\">\n\t\t\t\t\t<span class=\"elementor-post-date\">\n\t\t\tDecember 15, 2023\t\t<\/span>\n\t\t\t\t<span class=\"elementor-post-avatar\">\n\t\t\tNo Comments\t\t<\/span>\n\t\t\t\t<\/div>\n\t\t\t\t<div class=\"elementor-post__excerpt\">\n\t\t\t<p>Al hablar de paradigma es necesario referirse a Thomas Kuhn, quien en 1962 public\u00f3\u00a0\u201cLa estructura de las revoluciones cient\u00edficas\u201d, un libro en el que proporcionaba<\/p>\n\t\t<\/div>\n\t\t\n\t\t<a class=\"elementor-post__read-more\" href=\"https:\/\/www.incluyeme.org\/en\/accion\/paradigmas-y-discapacidad-parte-1\/\" aria-label=\"Read more about Paradigmas y Discapacidad Parte 1\" tabindex=\"-1\" >\n\t\t\tLeer M\u00e1s &gt;&gt;\t\t<\/a>\n\n\t\t\t\t<\/div>\n\t\t\t\t<\/article>\n\t\t\t\t<\/div>\n\t\t\n\t\t\t\t<div class=\"e-load-more-anchor\" data-page=\"1\" data-max-page=\"12\" data-next-page=\"https:\/\/www.incluyeme.org\/en\/wp-json\/wp\/v2\/pages\/3968\/page\/2\/\"><\/div>\n\t\t\t\t<nav class=\"elementor-pagination\" aria-label=\"Pagination\">\n\t\t\t<span class=\"page-numbers prev\">\u00ab Previous<\/span>\n<span aria-current=\"page\" class=\"page-numbers current\"><span class=\"elementor-screen-only\">Page<\/span>1<\/span>\n<a class=\"page-numbers\" href=\"https:\/\/www.incluyeme.org\/en\/wp-json\/wp\/v2\/pages\/3968\/page\/2\/\"><span class=\"elementor-screen-only\">Page<\/span>2<\/a>\n<a class=\"page-numbers\" href=\"https:\/\/www.incluyeme.org\/en\/wp-json\/wp\/v2\/pages\/3968\/page\/3\/\"><span class=\"elementor-screen-only\">Page<\/span>3<\/a>\n<a class=\"page-numbers\" href=\"https:\/\/www.incluyeme.org\/en\/wp-json\/wp\/v2\/pages\/3968\/page\/4\/\"><span class=\"elementor-screen-only\">Page<\/span>4<\/a>\n<a class=\"page-numbers\" href=\"https:\/\/www.incluyeme.org\/en\/wp-json\/wp\/v2\/pages\/3968\/page\/5\/\"><span class=\"elementor-screen-only\">Page<\/span>5<\/a>\n<a class=\"page-numbers\" href=\"https:\/\/www.incluyeme.org\/en\/wp-json\/wp\/v2\/pages\/3968\/page\/6\/\"><span class=\"elementor-screen-only\">Page<\/span>6<\/a>\n<a class=\"page-numbers\" href=\"https:\/\/www.incluyeme.org\/en\/wp-json\/wp\/v2\/pages\/3968\/page\/7\/\"><span class=\"elementor-screen-only\">Page<\/span>7<\/a>\n<a class=\"page-numbers\" href=\"https:\/\/www.incluyeme.org\/en\/wp-json\/wp\/v2\/pages\/3968\/page\/8\/\"><span class=\"elementor-screen-only\">Page<\/span>8<\/a>\n<a class=\"page-numbers\" href=\"https:\/\/www.incluyeme.org\/en\/wp-json\/wp\/v2\/pages\/3968\/page\/9\/\"><span class=\"elementor-screen-only\">Page<\/span>9<\/a>\n<a class=\"page-numbers\" href=\"https:\/\/www.incluyeme.org\/en\/wp-json\/wp\/v2\/pages\/3968\/page\/10\/\"><span class=\"elementor-screen-only\">Page<\/span>10<\/a>\n<a class=\"page-numbers\" href=\"https:\/\/www.incluyeme.org\/en\/wp-json\/wp\/v2\/pages\/3968\/page\/11\/\"><span class=\"elementor-screen-only\">Page<\/span>11<\/a>\n<a class=\"page-numbers\" href=\"https:\/\/www.incluyeme.org\/en\/wp-json\/wp\/v2\/pages\/3968\/page\/12\/\"><span class=\"elementor-screen-only\">Page<\/span>12<\/a>\n<a class=\"page-numbers next\" href=\"https:\/\/www.incluyeme.org\/en\/wp-json\/wp\/v2\/pages\/3968\/page\/2\/\">Next \u00bb<\/a>\t\t<\/nav>\n\t\t\t\t\t\t<\/div>\n\t\t\t\t<\/div>\n\t\t\t\t\t<\/div>\n\t\t<\/div>\n\t\t\t\t\t<\/div>\n\t\t<\/section>\n\t\t\t\t<\/div>","protected":false},"excerpt":{"rendered":"","protected":false},"author":19,"featured_media":0,"parent":0,"menu_order":0,"comment_status":"closed","ping_status":"closed","template":"","meta":{"site-sidebar-layout":"no-sidebar","site-content-layout":"page-builder","ast-site-content-layout":"default","site-content-style":"default","site-sidebar-style":"default","ast-global-header-display":"","ast-banner-title-visibility":"","ast-main-header-display":"","ast-hfb-above-header-display":"","ast-hfb-below-header-display":"","ast-hfb-mobile-header-display":"","site-post-title":"disabled","ast-breadcrumbs-content":"","ast-featured-img":"disabled","footer-sml-layout":"","ast-disable-related-posts":"","theme-transparent-header-meta":"default","adv-header-id-meta":"","stick-header-meta":"","header-above-stick-meta":"","header-main-stick-meta":"","header-below-stick-meta":"","astra-migrate-meta-layouts":"default","ast-page-background-enabled":"default","ast-page-background-meta":{"desktop":{"background-color":"","background-image":"","background-repeat":"repeat","background-position":"center center","background-size":"auto","background-attachment":"scroll","background-type":"","background-media":"","overlay-type":"","overlay-color":"","overlay-opacity":"","overlay-gradient":""},"tablet":{"background-color":"","background-image":"","background-repeat":"repeat","background-position":"center center","background-size":"auto","background-attachment":"scroll","background-type":"","background-media":"","overlay-type":"","overlay-color":"","overlay-opacity":"","overlay-gradient":""},"mobile":{"background-color":"","background-image":"","background-repeat":"repeat","background-position":"center center","background-size":"auto","background-attachment":"scroll","background-type":"","background-media":"","overlay-type":"","overlay-color":"","overlay-opacity":"","overlay-gradient":""}},"ast-content-background-meta":{"desktop":{"background-color":"var(--ast-global-color-5)","background-image":"","background-repeat":"repeat","background-position":"center center","background-size":"auto","background-attachment":"scroll","background-type":"","background-media":"","overlay-type":"","overlay-color":"","overlay-opacity":"","overlay-gradient":""},"tablet":{"background-color":"var(--ast-global-color-5)","background-image":"","background-repeat":"repeat","background-position":"center center","background-size":"auto","background-attachment":"scroll","background-type":"","background-media":"","overlay-type":"","overlay-color":"","overlay-opacity":"","overlay-gradient":""},"mobile":{"background-color":"var(--ast-global-color-5)","background-image":"","background-repeat":"repeat","background-position":"center center","background-size":"auto","background-attachment":"scroll","background-type":"","background-media":"","overlay-type":"","overlay-color":"","overlay-opacity":"","overlay-gradient":""}},"footnotes":""},"class_list":["post-3968","page","type-page","status-publish","hentry"],"_links":{"self":[{"href":"https:\/\/www.incluyeme.org\/en\/wp-json\/wp\/v2\/pages\/3968","targetHints":{"allow":["GET"]}}],"collection":[{"href":"https:\/\/www.incluyeme.org\/en\/wp-json\/wp\/v2\/pages"}],"about":[{"href":"https:\/\/www.incluyeme.org\/en\/wp-json\/wp\/v2\/types\/page"}],"author":[{"embeddable":true,"href":"https:\/\/www.incluyeme.org\/en\/wp-json\/wp\/v2\/users\/19"}],"replies":[{"embeddable":true,"href":"https:\/\/www.incluyeme.org\/en\/wp-json\/wp\/v2\/comments?post=3968"}],"version-history":[{"count":11,"href":"https:\/\/www.incluyeme.org\/en\/wp-json\/wp\/v2\/pages\/3968\/revisions"}],"predecessor-version":[{"id":12679,"href":"https:\/\/www.incluyeme.org\/en\/wp-json\/wp\/v2\/pages\/3968\/revisions\/12679"}],"wp:attachment":[{"href":"https:\/\/www.incluyeme.org\/en\/wp-json\/wp\/v2\/media?parent=3968"}],"curies":[{"name":"wp","href":"https:\/\/api.w.org\/{rel}","templated":true}]}}