{"id":3964,"date":"2019-12-05T09:04:03","date_gmt":"2019-12-05T15:04:03","guid":{"rendered":"https:\/\/www.incluyeme.org\/?page_id=3964"},"modified":"2023-07-10T17:54:12","modified_gmt":"2023-07-10T23:54:12","slug":"publicaciones","status":"publish","type":"page","link":"https:\/\/www.incluyeme.org\/en\/publicaciones\/","title":{"rendered":"Publications"},"content":{"rendered":"<div data-elementor-type=\"wp-page\" data-elementor-id=\"3964\" class=\"elementor elementor-3964\" data-elementor-post-type=\"page\">\n\t\t\t\t\t\t<section class=\"elementor-section elementor-top-section elementor-element elementor-element-5930ca1d elementor-section-boxed elementor-section-height-default elementor-section-height-default\" data-id=\"5930ca1d\" data-element_type=\"section\" data-e-type=\"section\">\n\t\t\t\t\t\t<div class=\"elementor-container elementor-column-gap-default\">\n\t\t\t\t\t<div class=\"elementor-column elementor-col-100 elementor-top-column elementor-element elementor-element-3f233647\" data-id=\"3f233647\" data-element_type=\"column\" data-e-type=\"column\">\n\t\t\t<div class=\"elementor-widget-wrap elementor-element-populated\">\n\t\t\t\t\t\t<div class=\"elementor-element elementor-element-dc3a4c3 elementor-widget elementor-widget-heading\" data-id=\"dc3a4c3\" data-element_type=\"widget\" data-e-type=\"widget\" data-widget_type=\"heading.default\">\n\t\t\t\t<div class=\"elementor-widget-container\">\n\t\t\t\t\t<h2 class=\"elementor-heading-title elementor-size-default\">Publications<\/h2>\t\t\t\t<\/div>\n\t\t\t\t<\/div>\n\t\t\t\t<div class=\"elementor-element elementor-element-1d06ddfc elementor-grid-3 elementor-grid-tablet-2 elementor-grid-mobile-1 elementor-posts--thumbnail-top elementor-widget elementor-widget-posts\" data-id=\"1d06ddfc\" data-element_type=\"widget\" data-e-type=\"widget\" data-settings=\"{&quot;pagination_type&quot;:&quot;numbers_and_prev_next&quot;,&quot;classic_columns&quot;:&quot;3&quot;,&quot;classic_columns_tablet&quot;:&quot;2&quot;,&quot;classic_columns_mobile&quot;:&quot;1&quot;,&quot;classic_row_gap&quot;:{&quot;unit&quot;:&quot;px&quot;,&quot;size&quot;:35,&quot;sizes&quot;:[]},&quot;classic_row_gap_tablet&quot;:{&quot;unit&quot;:&quot;px&quot;,&quot;size&quot;:&quot;&quot;,&quot;sizes&quot;:[]},&quot;classic_row_gap_mobile&quot;:{&quot;unit&quot;:&quot;px&quot;,&quot;size&quot;:&quot;&quot;,&quot;sizes&quot;:[]}}\" data-widget_type=\"posts.classic\">\n\t\t\t\t<div class=\"elementor-widget-container\">\n\t\t\t\t\t\t\t<div class=\"elementor-posts-container elementor-posts elementor-posts--skin-classic elementor-grid\" role=\"list\">\n\t\t\t\t<article class=\"elementor-post elementor-grid-item post-13291 post type-post status-publish format-standard has-post-thumbnail hentry category-publicaciones tag-accesibilidad tag-autismo tag-discapacidad tag-discapacidad-intelectual tag-fundacion-incluyeme tag-inclusion tag-inclusion-laboral tag-inclusion-social tag-pcd tag-vida-independiente\" role=\"listitem\">\n\t\t\t\t<a class=\"elementor-post__thumbnail__link\" href=\"https:\/\/www.incluyeme.org\/en\/publicaciones\/entrevista-con-marco-antonio-hernandez-de-cdhcmx\/\" tabindex=\"-1\" >\n\t\t\t<div class=\"elementor-post__thumbnail\"><img decoding=\"async\" width=\"300\" height=\"139\" src=\"https:\/\/www.incluyeme.org\/wp-content\/uploads\/2024\/06\/anamari-300x139.jpg\" class=\"attachment-medium size-medium wp-image-13292\" alt=\"\" srcset=\"https:\/\/www.incluyeme.org\/wp-content\/uploads\/2024\/06\/anamari-300x139.jpg 300w, https:\/\/www.incluyeme.org\/wp-content\/uploads\/2024\/06\/anamari-1024x476.jpg 1024w, https:\/\/www.incluyeme.org\/wp-content\/uploads\/2024\/06\/anamari-768x357.jpg 768w, https:\/\/www.incluyeme.org\/wp-content\/uploads\/2024\/06\/anamari-18x8.jpg 18w, https:\/\/www.incluyeme.org\/wp-content\/uploads\/2024\/06\/anamari.jpg 1220w\" sizes=\"(max-width: 300px) 100vw, 300px\" \/><\/div>\n\t\t<\/a>\n\t\t\t\t<div class=\"elementor-post__text\">\n\t\t\t\t<h3 class=\"elementor-post__title\">\n\t\t\t<a href=\"https:\/\/www.incluyeme.org\/en\/publicaciones\/entrevista-con-marco-antonio-hernandez-de-cdhcmx\/\" >\n\t\t\t\tEntrevista con Marco Antonio Hern\u00e1ndez de\u00a0CDHCMX\t\t\t<\/a>\n\t\t<\/h3>\n\t\t\t\t<div class=\"elementor-post__meta-data\">\n\t\t\t\t\t<span class=\"elementor-post-date\">\n\t\t\tMay 17, 2024\t\t<\/span>\n\t\t\t\t<span class=\"elementor-post-avatar\">\n\t\t\tNo Comments\t\t<\/span>\n\t\t\t\t<\/div>\n\t\t\t\t<div class=\"elementor-post__excerpt\">\n\t\t\t<p>Acompa\u00f1emos a nuestra amiga Ana Mari la cual platic\u00f3 con Marco Antonio Hern\u00e1ndez el encargado de la agenda de los derechos de las personas con<\/p>\n\t\t<\/div>\n\t\t\n\t\t<a class=\"elementor-post__read-more\" href=\"https:\/\/www.incluyeme.org\/en\/publicaciones\/entrevista-con-marco-antonio-hernandez-de-cdhcmx\/\" aria-label=\"Read more about Entrevista con Marco Antonio Hern\u00e1ndez de\u00a0CDHCMX\" tabindex=\"-1\" >\n\t\t\tLeer M\u00e1s &gt;&gt;\t\t<\/a>\n\n\t\t\t\t<\/div>\n\t\t\t\t<\/article>\n\t\t\t\t<article class=\"elementor-post elementor-grid-item post-13284 post type-post status-publish format-standard has-post-thumbnail hentry category-publicaciones tag-accesibilidad tag-autismo tag-discapacidad tag-discapacidad-intelectual tag-fundacion-incluyeme tag-inclusion-laboral tag-inclusion-social tag-museo-del-metro tag-pcd tag-vida-independiente\" role=\"listitem\">\n\t\t\t\t<a class=\"elementor-post__thumbnail__link\" href=\"https:\/\/www.incluyeme.org\/en\/publicaciones\/visitando-el-museo-del-metro\/\" tabindex=\"-1\" >\n\t\t\t<div class=\"elementor-post__thumbnail\"><img fetchpriority=\"high\" decoding=\"async\" width=\"300\" height=\"225\" src=\"https:\/\/www.incluyeme.org\/wp-content\/uploads\/2024\/04\/IMG_20190724_143552802_HDR-300x225.jpg\" class=\"attachment-medium size-medium wp-image-13289\" alt=\"\" srcset=\"https:\/\/www.incluyeme.org\/wp-content\/uploads\/2024\/04\/IMG_20190724_143552802_HDR-300x225.jpg 300w, https:\/\/www.incluyeme.org\/wp-content\/uploads\/2024\/04\/IMG_20190724_143552802_HDR-16x12.jpg 16w, https:\/\/www.incluyeme.org\/wp-content\/uploads\/2024\/04\/IMG_20190724_143552802_HDR.jpg 680w\" sizes=\"(max-width: 300px) 100vw, 300px\" \/><\/div>\n\t\t<\/a>\n\t\t\t\t<div class=\"elementor-post__text\">\n\t\t\t\t<h3 class=\"elementor-post__title\">\n\t\t\t<a href=\"https:\/\/www.incluyeme.org\/en\/publicaciones\/visitando-el-museo-del-metro\/\" >\n\t\t\t\tVIsitando el Museo del Metro\t\t\t<\/a>\n\t\t<\/h3>\n\t\t\t\t<div class=\"elementor-post__meta-data\">\n\t\t\t\t\t<span class=\"elementor-post-date\">\n\t\t\tApril 26, 2024\t\t<\/span>\n\t\t\t\t<span class=\"elementor-post-avatar\">\n\t\t\tNo Comments\t\t<\/span>\n\t\t\t\t<\/div>\n\t\t\t\t<div class=\"elementor-post__excerpt\">\n\t\t\t\t\t<\/div>\n\t\t\n\t\t<a class=\"elementor-post__read-more\" href=\"https:\/\/www.incluyeme.org\/en\/publicaciones\/visitando-el-museo-del-metro\/\" aria-label=\"Read more about VIsitando el Museo del Metro\" tabindex=\"-1\" >\n\t\t\tLeer M\u00e1s &gt;&gt;\t\t<\/a>\n\n\t\t\t\t<\/div>\n\t\t\t\t<\/article>\n\t\t\t\t<article class=\"elementor-post elementor-grid-item post-13108 post type-post status-publish format-standard has-post-thumbnail hentry category-publicaciones tag-accesibilidad tag-autismo tag-discapacidad tag-discapacidad-intelectual tag-fundacion-incluyeme tag-inclusion tag-inclusion-laboral tag-inclusion-social tag-pcd tag-vida-independiente\" role=\"listitem\">\n\t\t\t\t<a class=\"elementor-post__thumbnail__link\" href=\"https:\/\/www.incluyeme.org\/en\/publicaciones\/la-filantropia-actual-en-mexico-un-compromiso-social-en-crecimiento\/\" tabindex=\"-1\" >\n\t\t\t<div class=\"elementor-post__thumbnail\"><img decoding=\"async\" width=\"300\" height=\"300\" src=\"https:\/\/www.incluyeme.org\/wp-content\/uploads\/2024\/02\/filantropia-300x300.jpg\" class=\"attachment-medium size-medium wp-image-13113\" alt=\"\" srcset=\"https:\/\/www.incluyeme.org\/wp-content\/uploads\/2024\/02\/filantropia-300x300.jpg 300w, https:\/\/www.incluyeme.org\/wp-content\/uploads\/2024\/02\/filantropia-150x150.jpg 150w, https:\/\/www.incluyeme.org\/wp-content\/uploads\/2024\/02\/filantropia-12x12.jpg 12w, https:\/\/www.incluyeme.org\/wp-content\/uploads\/2024\/02\/filantropia.jpg 650w\" sizes=\"(max-width: 300px) 100vw, 300px\" \/><\/div>\n\t\t<\/a>\n\t\t\t\t<div class=\"elementor-post__text\">\n\t\t\t\t<h3 class=\"elementor-post__title\">\n\t\t\t<a href=\"https:\/\/www.incluyeme.org\/en\/publicaciones\/la-filantropia-actual-en-mexico-un-compromiso-social-en-crecimiento\/\" >\n\t\t\t\tLa Filantrop\u00eda actual en M\u00e9xico: Un compromiso social en crecimiento\t\t\t<\/a>\n\t\t<\/h3>\n\t\t\t\t<div class=\"elementor-post__meta-data\">\n\t\t\t\t\t<span class=\"elementor-post-date\">\n\t\t\tFebruary 9, 2024\t\t<\/span>\n\t\t\t\t<span class=\"elementor-post-avatar\">\n\t\t\tNo Comments\t\t<\/span>\n\t\t\t\t<\/div>\n\t\t\t\t<div class=\"elementor-post__excerpt\">\n\t\t\t<p>La filantrop\u00eda es una fuerza poderosa que impulsa el cambio y la transformaci\u00f3n en nuestra sociedad. En M\u00e9xico, este compromiso con el bienestar com\u00fan ha<\/p>\n\t\t<\/div>\n\t\t\n\t\t<a class=\"elementor-post__read-more\" href=\"https:\/\/www.incluyeme.org\/en\/publicaciones\/la-filantropia-actual-en-mexico-un-compromiso-social-en-crecimiento\/\" aria-label=\"Read more about La Filantrop\u00eda actual en M\u00e9xico: Un compromiso social en crecimiento\" tabindex=\"-1\" >\n\t\t\tLeer M\u00e1s &gt;&gt;\t\t<\/a>\n\n\t\t\t\t<\/div>\n\t\t\t\t<\/article>\n\t\t\t\t<article class=\"elementor-post elementor-grid-item post-13089 post type-post status-publish format-standard has-post-thumbnail hentry category-publicaciones tag-accesibilidad tag-autismo tag-discapacidad tag-discapacidad-intelectual tag-fundacion-incluyeme tag-inclusion tag-inclusion-social tag-pcd tag-vida-independiente\" role=\"listitem\">\n\t\t\t\t<a class=\"elementor-post__thumbnail__link\" href=\"https:\/\/www.incluyeme.org\/en\/publicaciones\/autogestores-personas-con-discapacidad-como-protagonistas-de-su-propia-vida\/\" tabindex=\"-1\" >\n\t\t\t<div class=\"elementor-post__thumbnail\"><img loading=\"lazy\" decoding=\"async\" width=\"177\" height=\"300\" src=\"https:\/\/www.incluyeme.org\/wp-content\/uploads\/2024\/02\/IMG-20230228-WA0012-177x300.jpg\" class=\"attachment-medium size-medium wp-image-13093\" alt=\"\" srcset=\"https:\/\/www.incluyeme.org\/wp-content\/uploads\/2024\/02\/IMG-20230228-WA0012-177x300.jpg 177w, https:\/\/www.incluyeme.org\/wp-content\/uploads\/2024\/02\/IMG-20230228-WA0012-606x1024.jpg 606w, https:\/\/www.incluyeme.org\/wp-content\/uploads\/2024\/02\/IMG-20230228-WA0012-7x12.jpg 7w, https:\/\/www.incluyeme.org\/wp-content\/uploads\/2024\/02\/IMG-20230228-WA0012.jpg 627w\" sizes=\"(max-width: 177px) 100vw, 177px\" \/><\/div>\n\t\t<\/a>\n\t\t\t\t<div class=\"elementor-post__text\">\n\t\t\t\t<h3 class=\"elementor-post__title\">\n\t\t\t<a href=\"https:\/\/www.incluyeme.org\/en\/publicaciones\/autogestores-personas-con-discapacidad-como-protagonistas-de-su-propia-vida\/\" >\n\t\t\t\tAutogestores: Personas con discapacidad como protagonistas de su propia vida\t\t\t<\/a>\n\t\t<\/h3>\n\t\t\t\t<div class=\"elementor-post__meta-data\">\n\t\t\t\t\t<span class=\"elementor-post-date\">\n\t\t\tJanuary 12, 2024\t\t<\/span>\n\t\t\t\t<span class=\"elementor-post-avatar\">\n\t\t\tNo Comments\t\t<\/span>\n\t\t\t\t<\/div>\n\t\t\t\t<div class=\"elementor-post__excerpt\">\n\t\t\t<p>\u201cNada de nosotros y nosotras, sin nosotros ni nosotras\u201d, con esta frase finaliza el taller de autogestores brindado a nuestros usuarios en la Comisi\u00f3n de<\/p>\n\t\t<\/div>\n\t\t\n\t\t<a class=\"elementor-post__read-more\" href=\"https:\/\/www.incluyeme.org\/en\/publicaciones\/autogestores-personas-con-discapacidad-como-protagonistas-de-su-propia-vida\/\" aria-label=\"Read more about Autogestores: Personas con discapacidad como protagonistas de su propia vida\" tabindex=\"-1\" >\n\t\t\tLeer M\u00e1s &gt;&gt;\t\t<\/a>\n\n\t\t\t\t<\/div>\n\t\t\t\t<\/article>\n\t\t\t\t<article class=\"elementor-post elementor-grid-item post-12930 post type-post status-publish format-standard has-post-thumbnail hentry category-publicaciones tag-discapacidad tag-discapacidad-intelectual tag-fundacion-incluyeme tag-inclusion tag-inclusion-laboral\" role=\"listitem\">\n\t\t\t\t<a class=\"elementor-post__thumbnail__link\" href=\"https:\/\/www.incluyeme.org\/en\/publicaciones\/que-es-el-acompanamiento-laboral\/\" tabindex=\"-1\" >\n\t\t\t<div class=\"elementor-post__thumbnail\"><img loading=\"lazy\" decoding=\"async\" width=\"225\" height=\"300\" src=\"https:\/\/www.incluyeme.org\/wp-content\/uploads\/2023\/09\/IMG-20230524-WA0001-225x300.jpg\" class=\"attachment-medium size-medium wp-image-12932\" alt=\"\" srcset=\"https:\/\/www.incluyeme.org\/wp-content\/uploads\/2023\/09\/IMG-20230524-WA0001-225x300.jpg 225w, https:\/\/www.incluyeme.org\/wp-content\/uploads\/2023\/09\/IMG-20230524-WA0001-768x1024.jpg 768w, https:\/\/www.incluyeme.org\/wp-content\/uploads\/2023\/09\/IMG-20230524-WA0001-1152x1536.jpg 1152w, https:\/\/www.incluyeme.org\/wp-content\/uploads\/2023\/09\/IMG-20230524-WA0001-9x12.jpg 9w, https:\/\/www.incluyeme.org\/wp-content\/uploads\/2023\/09\/IMG-20230524-WA0001.jpg 1200w\" sizes=\"(max-width: 225px) 100vw, 225px\" \/><\/div>\n\t\t<\/a>\n\t\t\t\t<div class=\"elementor-post__text\">\n\t\t\t\t<h3 class=\"elementor-post__title\">\n\t\t\t<a href=\"https:\/\/www.incluyeme.org\/en\/publicaciones\/que-es-el-acompanamiento-laboral\/\" >\n\t\t\t\t\u00bfQu\u00e9 es el acompa\u00f1amiento laboral?\t\t\t<\/a>\n\t\t<\/h3>\n\t\t\t\t<div class=\"elementor-post__meta-data\">\n\t\t\t\t\t<span class=\"elementor-post-date\">\n\t\t\tSeptember 22, 2023\t\t<\/span>\n\t\t\t\t<span class=\"elementor-post-avatar\">\n\t\t\tNo Comments\t\t<\/span>\n\t\t\t\t<\/div>\n\t\t\t\t<div class=\"elementor-post__excerpt\">\n\t\t\t<p>El acompa\u00f1amiento laboral es una intervenci\u00f3n profesional en donde \u00e9l o la facilitadora realizan el dise\u00f1o, desarrollo e implementaci\u00f3n de las estrategias y apoyos adecuados<\/p>\n\t\t<\/div>\n\t\t\n\t\t<a class=\"elementor-post__read-more\" href=\"https:\/\/www.incluyeme.org\/en\/publicaciones\/que-es-el-acompanamiento-laboral\/\" aria-label=\"Read more about \u00bfQu\u00e9 es el acompa\u00f1amiento laboral?\" tabindex=\"-1\" >\n\t\t\tLeer M\u00e1s &gt;&gt;\t\t<\/a>\n\n\t\t\t\t<\/div>\n\t\t\t\t<\/article>\n\t\t\t\t<article class=\"elementor-post elementor-grid-item post-12647 post type-post status-publish format-standard has-post-thumbnail hentry category-publicaciones tag-discapacidad tag-discapacidad-intelectual tag-fundacion-incluyeme tag-inclusion tag-inclusion-laboral tag-inclusion-social tag-pcd\" role=\"listitem\">\n\t\t\t\t<a class=\"elementor-post__thumbnail__link\" href=\"https:\/\/www.incluyeme.org\/en\/publicaciones\/el-bienestar-emocional\/\" tabindex=\"-1\" >\n\t\t\t<div class=\"elementor-post__thumbnail\"><img loading=\"lazy\" decoding=\"async\" width=\"300\" height=\"169\" src=\"https:\/\/www.incluyeme.org\/wp-content\/uploads\/2023\/07\/Imagen-de-WhatsApp-2023-03-09-a-las-19.46.55-300x169.jpg\" class=\"attachment-medium size-medium wp-image-12648\" alt=\"\" srcset=\"https:\/\/www.incluyeme.org\/wp-content\/uploads\/2023\/07\/Imagen-de-WhatsApp-2023-03-09-a-las-19.46.55-300x169.jpg 300w, https:\/\/www.incluyeme.org\/wp-content\/uploads\/2023\/07\/Imagen-de-WhatsApp-2023-03-09-a-las-19.46.55-1024x576.jpg 1024w, https:\/\/www.incluyeme.org\/wp-content\/uploads\/2023\/07\/Imagen-de-WhatsApp-2023-03-09-a-las-19.46.55-768x432.jpg 768w, https:\/\/www.incluyeme.org\/wp-content\/uploads\/2023\/07\/Imagen-de-WhatsApp-2023-03-09-a-las-19.46.55-1536x864.jpg 1536w, https:\/\/www.incluyeme.org\/wp-content\/uploads\/2023\/07\/Imagen-de-WhatsApp-2023-03-09-a-las-19.46.55-18x10.jpg 18w, https:\/\/www.incluyeme.org\/wp-content\/uploads\/2023\/07\/Imagen-de-WhatsApp-2023-03-09-a-las-19.46.55.jpg 1599w\" sizes=\"(max-width: 300px) 100vw, 300px\" \/><\/div>\n\t\t<\/a>\n\t\t\t\t<div class=\"elementor-post__text\">\n\t\t\t\t<h3 class=\"elementor-post__title\">\n\t\t\t<a href=\"https:\/\/www.incluyeme.org\/en\/publicaciones\/el-bienestar-emocional\/\" >\n\t\t\t\tEl bienestar emocional\t\t\t<\/a>\n\t\t<\/h3>\n\t\t\t\t<div class=\"elementor-post__meta-data\">\n\t\t\t\t\t<span class=\"elementor-post-date\">\n\t\t\tJuly 7, 2023\t\t<\/span>\n\t\t\t\t<span class=\"elementor-post-avatar\">\n\t\t\t2 Comments\t\t<\/span>\n\t\t\t\t<\/div>\n\t\t\t\t<div class=\"elementor-post__excerpt\">\n\t\t\t<p>Afortunadamente existen diversas definiciones de lo que significa \u201cestar bien\u201d y nos ajustamos a una de estas definiciones cada cierto tiempo, en ocasiones se trata<\/p>\n\t\t<\/div>\n\t\t\n\t\t<a class=\"elementor-post__read-more\" href=\"https:\/\/www.incluyeme.org\/en\/publicaciones\/el-bienestar-emocional\/\" aria-label=\"Read more about El bienestar emocional\" tabindex=\"-1\" >\n\t\t\tLeer M\u00e1s &gt;&gt;\t\t<\/a>\n\n\t\t\t\t<\/div>\n\t\t\t\t<\/article>\n\t\t\t\t<\/div>\n\t\t\n\t\t\t\t<div class=\"e-load-more-anchor\" data-page=\"1\" data-max-page=\"11\" data-next-page=\"https:\/\/www.incluyeme.org\/en\/wp-json\/wp\/v2\/pages\/3964\/page\/2\/\"><\/div>\n\t\t\t\t<nav class=\"elementor-pagination\" aria-label=\"Pagination\">\n\t\t\t<span class=\"page-numbers prev\">\u00ab Previous<\/span>\n<span aria-current=\"page\" class=\"page-numbers current\"><span class=\"elementor-screen-only\">Page<\/span>1<\/span>\n<a class=\"page-numbers\" href=\"https:\/\/www.incluyeme.org\/en\/wp-json\/wp\/v2\/pages\/3964\/page\/2\/\"><span class=\"elementor-screen-only\">Page<\/span>2<\/a>\n<a class=\"page-numbers\" href=\"https:\/\/www.incluyeme.org\/en\/wp-json\/wp\/v2\/pages\/3964\/page\/3\/\"><span class=\"elementor-screen-only\">Page<\/span>3<\/a>\n<a class=\"page-numbers\" href=\"https:\/\/www.incluyeme.org\/en\/wp-json\/wp\/v2\/pages\/3964\/page\/4\/\"><span class=\"elementor-screen-only\">Page<\/span>4<\/a>\n<a class=\"page-numbers\" href=\"https:\/\/www.incluyeme.org\/en\/wp-json\/wp\/v2\/pages\/3964\/page\/5\/\"><span class=\"elementor-screen-only\">Page<\/span>5<\/a>\n<a class=\"page-numbers\" href=\"https:\/\/www.incluyeme.org\/en\/wp-json\/wp\/v2\/pages\/3964\/page\/6\/\"><span class=\"elementor-screen-only\">Page<\/span>6<\/a>\n<a class=\"page-numbers\" href=\"https:\/\/www.incluyeme.org\/en\/wp-json\/wp\/v2\/pages\/3964\/page\/7\/\"><span class=\"elementor-screen-only\">Page<\/span>7<\/a>\n<a class=\"page-numbers\" href=\"https:\/\/www.incluyeme.org\/en\/wp-json\/wp\/v2\/pages\/3964\/page\/8\/\"><span class=\"elementor-screen-only\">Page<\/span>8<\/a>\n<a class=\"page-numbers\" href=\"https:\/\/www.incluyeme.org\/en\/wp-json\/wp\/v2\/pages\/3964\/page\/9\/\"><span class=\"elementor-screen-only\">Page<\/span>9<\/a>\n<a class=\"page-numbers\" href=\"https:\/\/www.incluyeme.org\/en\/wp-json\/wp\/v2\/pages\/3964\/page\/10\/\"><span class=\"elementor-screen-only\">Page<\/span>10<\/a>\n<a class=\"page-numbers\" href=\"https:\/\/www.incluyeme.org\/en\/wp-json\/wp\/v2\/pages\/3964\/page\/11\/\"><span class=\"elementor-screen-only\">Page<\/span>11<\/a>\n<a class=\"page-numbers next\" href=\"https:\/\/www.incluyeme.org\/en\/wp-json\/wp\/v2\/pages\/3964\/page\/2\/\">Next \u00bb<\/a>\t\t<\/nav>\n\t\t\t\t\t\t<\/div>\n\t\t\t\t<\/div>\n\t\t\t\t\t<\/div>\n\t\t<\/div>\n\t\t\t\t\t<\/div>\n\t\t<\/section>\n\t\t\t\t<\/div>","protected":false},"excerpt":{"rendered":"","protected":false},"author":19,"featured_media":0,"parent":0,"menu_order":0,"comment_status":"closed","ping_status":"closed","template":"","meta":{"site-sidebar-layout":"no-sidebar","site-content-layout":"page-builder","ast-site-content-layout":"default","site-content-style":"default","site-sidebar-style":"default","ast-global-header-display":"","ast-banner-title-visibility":"","ast-main-header-display":"","ast-hfb-above-header-display":"","ast-hfb-below-header-display":"","ast-hfb-mobile-header-display":"","site-post-title":"disabled","ast-breadcrumbs-content":"","ast-featured-img":"disabled","footer-sml-layout":"","ast-disable-related-posts":"","theme-transparent-header-meta":"default","adv-header-id-meta":"","stick-header-meta":"","header-above-stick-meta":"","header-main-stick-meta":"","header-below-stick-meta":"","astra-migrate-meta-layouts":"default","ast-page-background-enabled":"default","ast-page-background-meta":{"desktop":{"background-color":"","background-image":"","background-repeat":"repeat","background-position":"center center","background-size":"auto","background-attachment":"scroll","background-type":"","background-media":"","overlay-type":"","overlay-color":"","overlay-opacity":"","overlay-gradient":""},"tablet":{"background-color":"","background-image":"","background-repeat":"repeat","background-position":"center center","background-size":"auto","background-attachment":"scroll","background-type":"","background-media":"","overlay-type":"","overlay-color":"","overlay-opacity":"","overlay-gradient":""},"mobile":{"background-color":"","background-image":"","background-repeat":"repeat","background-position":"center center","background-size":"auto","background-attachment":"scroll","background-type":"","background-media":"","overlay-type":"","overlay-color":"","overlay-opacity":"","overlay-gradient":""}},"ast-content-background-meta":{"desktop":{"background-color":"var(--ast-global-color-5)","background-image":"","background-repeat":"repeat","background-position":"center center","background-size":"auto","background-attachment":"scroll","background-type":"","background-media":"","overlay-type":"","overlay-color":"","overlay-opacity":"","overlay-gradient":""},"tablet":{"background-color":"var(--ast-global-color-5)","background-image":"","background-repeat":"repeat","background-position":"center center","background-size":"auto","background-attachment":"scroll","background-type":"","background-media":"","overlay-type":"","overlay-color":"","overlay-opacity":"","overlay-gradient":""},"mobile":{"background-color":"var(--ast-global-color-5)","background-image":"","background-repeat":"repeat","background-position":"center center","background-size":"auto","background-attachment":"scroll","background-type":"","background-media":"","overlay-type":"","overlay-color":"","overlay-opacity":"","overlay-gradient":""}},"footnotes":""},"class_list":["post-3964","page","type-page","status-publish","hentry"],"_links":{"self":[{"href":"https:\/\/www.incluyeme.org\/en\/wp-json\/wp\/v2\/pages\/3964","targetHints":{"allow":["GET"]}}],"collection":[{"href":"https:\/\/www.incluyeme.org\/en\/wp-json\/wp\/v2\/pages"}],"about":[{"href":"https:\/\/www.incluyeme.org\/en\/wp-json\/wp\/v2\/types\/page"}],"author":[{"embeddable":true,"href":"https:\/\/www.incluyeme.org\/en\/wp-json\/wp\/v2\/users\/19"}],"replies":[{"embeddable":true,"href":"https:\/\/www.incluyeme.org\/en\/wp-json\/wp\/v2\/comments?post=3964"}],"version-history":[{"count":11,"href":"https:\/\/www.incluyeme.org\/en\/wp-json\/wp\/v2\/pages\/3964\/revisions"}],"predecessor-version":[{"id":12676,"href":"https:\/\/www.incluyeme.org\/en\/wp-json\/wp\/v2\/pages\/3964\/revisions\/12676"}],"wp:attachment":[{"href":"https:\/\/www.incluyeme.org\/en\/wp-json\/wp\/v2\/media?parent=3964"}],"curies":[{"name":"wp","href":"https:\/\/api.w.org\/{rel}","templated":true}]}}