{"id":3956,"date":"2019-12-05T08:52:11","date_gmt":"2019-12-05T14:52:11","guid":{"rendered":"https:\/\/www.incluyeme.org\/?page_id=3956"},"modified":"2023-07-10T17:53:33","modified_gmt":"2023-07-10T23:53:33","slug":"testimonios","status":"publish","type":"page","link":"https:\/\/www.incluyeme.org\/en\/testimonios\/","title":{"rendered":"Testimonials"},"content":{"rendered":"<div data-elementor-type=\"wp-page\" data-elementor-id=\"3956\" class=\"elementor elementor-3956\" data-elementor-post-type=\"page\">\n\t\t\t\t\t\t<section class=\"elementor-section elementor-top-section elementor-element elementor-element-5e88553 elementor-section-boxed elementor-section-height-default elementor-section-height-default\" data-id=\"5e88553\" data-element_type=\"section\" data-e-type=\"section\">\n\t\t\t\t\t\t<div class=\"elementor-container elementor-column-gap-default\">\n\t\t\t\t\t<div class=\"elementor-column elementor-col-100 elementor-top-column elementor-element elementor-element-45288e4\" data-id=\"45288e4\" data-element_type=\"column\" data-e-type=\"column\">\n\t\t\t<div class=\"elementor-widget-wrap elementor-element-populated\">\n\t\t\t\t\t\t<div class=\"elementor-element elementor-element-dc133ea elementor-widget elementor-widget-heading\" data-id=\"dc133ea\" data-element_type=\"widget\" data-e-type=\"widget\" data-widget_type=\"heading.default\">\n\t\t\t\t<div class=\"elementor-widget-container\">\n\t\t\t\t\t<h2 class=\"elementor-heading-title elementor-size-default\">Testimonials<\/h2>\t\t\t\t<\/div>\n\t\t\t\t<\/div>\n\t\t\t\t<div class=\"elementor-element elementor-element-793ad01 elementor-grid-3 elementor-grid-tablet-2 elementor-grid-mobile-1 elementor-posts--thumbnail-top elementor-widget elementor-widget-posts\" data-id=\"793ad01\" data-element_type=\"widget\" data-e-type=\"widget\" data-settings=\"{&quot;pagination_type&quot;:&quot;numbers_and_prev_next&quot;,&quot;classic_columns&quot;:&quot;3&quot;,&quot;classic_columns_tablet&quot;:&quot;2&quot;,&quot;classic_columns_mobile&quot;:&quot;1&quot;,&quot;classic_row_gap&quot;:{&quot;unit&quot;:&quot;px&quot;,&quot;size&quot;:35,&quot;sizes&quot;:[]},&quot;classic_row_gap_tablet&quot;:{&quot;unit&quot;:&quot;px&quot;,&quot;size&quot;:&quot;&quot;,&quot;sizes&quot;:[]},&quot;classic_row_gap_mobile&quot;:{&quot;unit&quot;:&quot;px&quot;,&quot;size&quot;:&quot;&quot;,&quot;sizes&quot;:[]}}\" data-widget_type=\"posts.classic\">\n\t\t\t\t<div class=\"elementor-widget-container\">\n\t\t\t\t\t\t\t<div class=\"elementor-posts-container elementor-posts elementor-posts--skin-classic elementor-grid\" role=\"list\">\n\t\t\t\t<article class=\"elementor-post elementor-grid-item post-13402 post type-post status-publish format-standard has-post-thumbnail hentry category-testimonios tag-discapacidad tag-discapacidad-intelectual tag-inclusion tag-inclusion-laboral tag-vida-independiente\" role=\"listitem\">\n\t\t\t\t<a class=\"elementor-post__thumbnail__link\" href=\"https:\/\/www.incluyeme.org\/en\/testimonios\/discapacidad-y-diversidad-sexual\/\" tabindex=\"-1\" >\n\t\t\t<div class=\"elementor-post__thumbnail\"><img decoding=\"async\" width=\"300\" height=\"166\" src=\"https:\/\/www.incluyeme.org\/wp-content\/uploads\/2024\/06\/125-300x166.jpg\" class=\"attachment-medium size-medium wp-image-13411\" alt=\"\" srcset=\"https:\/\/www.incluyeme.org\/wp-content\/uploads\/2024\/06\/125-300x166.jpg 300w, https:\/\/www.incluyeme.org\/wp-content\/uploads\/2024\/06\/125-1024x567.jpg 1024w, https:\/\/www.incluyeme.org\/wp-content\/uploads\/2024\/06\/125-768x426.jpg 768w, https:\/\/www.incluyeme.org\/wp-content\/uploads\/2024\/06\/125-1536x851.jpg 1536w, https:\/\/www.incluyeme.org\/wp-content\/uploads\/2024\/06\/125-18x10.jpg 18w, https:\/\/www.incluyeme.org\/wp-content\/uploads\/2024\/06\/125.jpg 1821w\" sizes=\"(max-width: 300px) 100vw, 300px\" \/><\/div>\n\t\t<\/a>\n\t\t\t\t<div class=\"elementor-post__text\">\n\t\t\t\t<h3 class=\"elementor-post__title\">\n\t\t\t<a href=\"https:\/\/www.incluyeme.org\/en\/testimonios\/discapacidad-y-diversidad-sexual\/\" >\n\t\t\t\tDiscapacidad y Diversidad Sexual\t\t\t<\/a>\n\t\t<\/h3>\n\t\t\t\t<div class=\"elementor-post__meta-data\">\n\t\t\t\t\t<span class=\"elementor-post-date\">\n\t\t\tJune 28, 2024\t\t<\/span>\n\t\t\t\t<span class=\"elementor-post-avatar\">\n\t\t\tNo Comments\t\t<\/span>\n\t\t\t\t<\/div>\n\t\t\t\t<div class=\"elementor-post__excerpt\">\n\t\t\t<p>Para celebrar el mes del Orgullo LGBTIQ+ nuestro amigo Andr\u00e9s estuvo platicando con Uriel y Yehohusa sobre discapacidad y diversidad sexual. https:\/\/youtu.be\/kkGEFaNmk7I<\/p>\n\t\t<\/div>\n\t\t\n\t\t<a class=\"elementor-post__read-more\" href=\"https:\/\/www.incluyeme.org\/en\/testimonios\/discapacidad-y-diversidad-sexual\/\" aria-label=\"Read more about Discapacidad y Diversidad Sexual\" tabindex=\"-1\" >\n\t\t\tLeer M\u00e1s &gt;&gt;\t\t<\/a>\n\n\t\t\t\t<\/div>\n\t\t\t\t<\/article>\n\t\t\t\t<article class=\"elementor-post elementor-grid-item post-13183 post type-post status-publish format-standard has-post-thumbnail hentry category-testimonios tag-autismo tag-discapacidad tag-discapacidad-intelectual tag-inclusion tag-inclusion-laboral tag-inclusion-social\" role=\"listitem\">\n\t\t\t\t<a class=\"elementor-post__thumbnail__link\" href=\"https:\/\/www.incluyeme.org\/en\/testimonios\/soy-mama-neurotipica\/\" tabindex=\"-1\" >\n\t\t\t<div class=\"elementor-post__thumbnail\"><img fetchpriority=\"high\" decoding=\"async\" width=\"225\" height=\"300\" src=\"https:\/\/www.incluyeme.org\/wp-content\/uploads\/2024\/04\/IMG_20240203_171600415-225x300.jpg\" class=\"attachment-medium size-medium wp-image-13186\" alt=\"\" srcset=\"https:\/\/www.incluyeme.org\/wp-content\/uploads\/2024\/04\/IMG_20240203_171600415-225x300.jpg 225w, https:\/\/www.incluyeme.org\/wp-content\/uploads\/2024\/04\/IMG_20240203_171600415-768x1024.jpg 768w, https:\/\/www.incluyeme.org\/wp-content\/uploads\/2024\/04\/IMG_20240203_171600415-1152x1536.jpg 1152w, https:\/\/www.incluyeme.org\/wp-content\/uploads\/2024\/04\/IMG_20240203_171600415-1536x2048.jpg 1536w, https:\/\/www.incluyeme.org\/wp-content\/uploads\/2024\/04\/IMG_20240203_171600415-9x12.jpg 9w, https:\/\/www.incluyeme.org\/wp-content\/uploads\/2024\/04\/IMG_20240203_171600415-scaled.jpg 1920w\" sizes=\"(max-width: 225px) 100vw, 225px\" \/><\/div>\n\t\t<\/a>\n\t\t\t\t<div class=\"elementor-post__text\">\n\t\t\t\t<h3 class=\"elementor-post__title\">\n\t\t\t<a href=\"https:\/\/www.incluyeme.org\/en\/testimonios\/soy-mama-neurotipica\/\" >\n\t\t\t\tSoy mam\u00e1 neurot\u00edpica.\t\t\t<\/a>\n\t\t<\/h3>\n\t\t\t\t<div class=\"elementor-post__meta-data\">\n\t\t\t\t\t<span class=\"elementor-post-date\">\n\t\t\tApril 12, 2024\t\t<\/span>\n\t\t\t\t<span class=\"elementor-post-avatar\">\n\t\t\tNo Comments\t\t<\/span>\n\t\t\t\t<\/div>\n\t\t\t\t<div class=\"elementor-post__excerpt\">\n\t\t\t<p>Hola, mi nombre es Ver\u00f3nica Ponce, soy mam\u00e1 de dos peque\u00f1os con discapacidad no visible. (Autismo)Debo decir que todo tipo de discapacidad es dif\u00edcil, es<\/p>\n\t\t<\/div>\n\t\t\n\t\t<a class=\"elementor-post__read-more\" href=\"https:\/\/www.incluyeme.org\/en\/testimonios\/soy-mama-neurotipica\/\" aria-label=\"Read more about Soy mam\u00e1 neurot\u00edpica.\" tabindex=\"-1\" >\n\t\t\tLeer M\u00e1s &gt;&gt;\t\t<\/a>\n\n\t\t\t\t<\/div>\n\t\t\t\t<\/article>\n\t\t\t\t<article class=\"elementor-post elementor-grid-item post-13269 post type-post status-publish format-standard has-post-thumbnail hentry category-testimonios tag-accesibilidad tag-autismo tag-discapacidad-intelectual tag-fundacion-incluyeme tag-inclusion tag-inclusion-laboral tag-inclusion-social tag-vida-independiente\" role=\"listitem\">\n\t\t\t\t<a class=\"elementor-post__thumbnail__link\" href=\"https:\/\/www.incluyeme.org\/en\/testimonios\/8m\/\" tabindex=\"-1\" >\n\t\t\t<div class=\"elementor-post__thumbnail\"><img decoding=\"async\" width=\"300\" height=\"225\" src=\"https:\/\/www.incluyeme.org\/wp-content\/uploads\/2024\/06\/Imagen-de-WhatsApp-2024-03-08-a-las-11.51.14_f86e15d5-300x225.jpg\" class=\"attachment-medium size-medium wp-image-13270\" alt=\"\" srcset=\"https:\/\/www.incluyeme.org\/wp-content\/uploads\/2024\/06\/Imagen-de-WhatsApp-2024-03-08-a-las-11.51.14_f86e15d5-300x225.jpg 300w, https:\/\/www.incluyeme.org\/wp-content\/uploads\/2024\/06\/Imagen-de-WhatsApp-2024-03-08-a-las-11.51.14_f86e15d5-1024x768.jpg 1024w, https:\/\/www.incluyeme.org\/wp-content\/uploads\/2024\/06\/Imagen-de-WhatsApp-2024-03-08-a-las-11.51.14_f86e15d5-768x576.jpg 768w, https:\/\/www.incluyeme.org\/wp-content\/uploads\/2024\/06\/Imagen-de-WhatsApp-2024-03-08-a-las-11.51.14_f86e15d5-1536x1152.jpg 1536w, https:\/\/www.incluyeme.org\/wp-content\/uploads\/2024\/06\/Imagen-de-WhatsApp-2024-03-08-a-las-11.51.14_f86e15d5-2048x1536.jpg 2048w, https:\/\/www.incluyeme.org\/wp-content\/uploads\/2024\/06\/Imagen-de-WhatsApp-2024-03-08-a-las-11.51.14_f86e15d5-16x12.jpg 16w\" sizes=\"(max-width: 300px) 100vw, 300px\" \/><\/div>\n\t\t<\/a>\n\t\t\t\t<div class=\"elementor-post__text\">\n\t\t\t\t<h3 class=\"elementor-post__title\">\n\t\t\t<a href=\"https:\/\/www.incluyeme.org\/en\/testimonios\/8m\/\" >\n\t\t\t\t8M\t\t\t<\/a>\n\t\t<\/h3>\n\t\t\t\t<div class=\"elementor-post__meta-data\">\n\t\t\t\t\t<span class=\"elementor-post-date\">\n\t\t\tMarch 15, 2024\t\t<\/span>\n\t\t\t\t<span class=\"elementor-post-avatar\">\n\t\t\tNo Comments\t\t<\/span>\n\t\t\t\t<\/div>\n\t\t\t\t<div class=\"elementor-post__excerpt\">\n\t\t\t<p>Esta semana nuestra amiga Naye hace una retrospectiva sobre la marcha del 8M de este a\u00f1o donde por segundo a\u00f1o cosecutivo se unio a la<\/p>\n\t\t<\/div>\n\t\t\n\t\t<a class=\"elementor-post__read-more\" href=\"https:\/\/www.incluyeme.org\/en\/testimonios\/8m\/\" aria-label=\"Read more about 8M\" tabindex=\"-1\" >\n\t\t\tLeer M\u00e1s &gt;&gt;\t\t<\/a>\n\n\t\t\t\t<\/div>\n\t\t\t\t<\/article>\n\t\t\t\t<article class=\"elementor-post elementor-grid-item post-13098 post type-post status-publish format-standard has-post-thumbnail hentry category-testimonios tag-accesibilidad tag-discapacidad tag-discapacidad-intelectual tag-inclusion tag-inclusion-social tag-pcd tag-vida-independiente\" role=\"listitem\">\n\t\t\t\t<a class=\"elementor-post__thumbnail__link\" href=\"https:\/\/www.incluyeme.org\/en\/testimonios\/mi-experiencia-como-facilitadora-de-fin-de-semana\/\" tabindex=\"-1\" >\n\t\t\t<div class=\"elementor-post__thumbnail\"><img loading=\"lazy\" decoding=\"async\" width=\"300\" height=\"225\" src=\"https:\/\/www.incluyeme.org\/wp-content\/uploads\/2024\/02\/Imagen-de-WhatsApp-2024-01-28-a-las-12.11.47_654f6de0-300x225.jpg\" class=\"attachment-medium size-medium wp-image-13102\" alt=\"\" srcset=\"https:\/\/www.incluyeme.org\/wp-content\/uploads\/2024\/02\/Imagen-de-WhatsApp-2024-01-28-a-las-12.11.47_654f6de0-300x225.jpg 300w, https:\/\/www.incluyeme.org\/wp-content\/uploads\/2024\/02\/Imagen-de-WhatsApp-2024-01-28-a-las-12.11.47_654f6de0-1024x768.jpg 1024w, https:\/\/www.incluyeme.org\/wp-content\/uploads\/2024\/02\/Imagen-de-WhatsApp-2024-01-28-a-las-12.11.47_654f6de0-768x576.jpg 768w, https:\/\/www.incluyeme.org\/wp-content\/uploads\/2024\/02\/Imagen-de-WhatsApp-2024-01-28-a-las-12.11.47_654f6de0-16x12.jpg 16w, https:\/\/www.incluyeme.org\/wp-content\/uploads\/2024\/02\/Imagen-de-WhatsApp-2024-01-28-a-las-12.11.47_654f6de0.jpg 1280w\" sizes=\"(max-width: 300px) 100vw, 300px\" \/><\/div>\n\t\t<\/a>\n\t\t\t\t<div class=\"elementor-post__text\">\n\t\t\t\t<h3 class=\"elementor-post__title\">\n\t\t\t<a href=\"https:\/\/www.incluyeme.org\/en\/testimonios\/mi-experiencia-como-facilitadora-de-fin-de-semana\/\" >\n\t\t\t\tMi experiencia como Facilitadora de fin de semana\t\t\t<\/a>\n\t\t<\/h3>\n\t\t\t\t<div class=\"elementor-post__meta-data\">\n\t\t\t\t\t<span class=\"elementor-post-date\">\n\t\t\tJanuary 26, 2024\t\t<\/span>\n\t\t\t\t<span class=\"elementor-post-avatar\">\n\t\t\tNo Comments\t\t<\/span>\n\t\t\t\t<\/div>\n\t\t\t\t<div class=\"elementor-post__excerpt\">\n\t\t\t<p>Soy Rosaura Mart\u00ednez, maestra en educaci\u00f3n Especial desde el a\u00f1o 2002 he trabajado en este campo, desde el \u00e1rea lactantes en guardar\u00eda Integradora hasta j\u00f3venes<\/p>\n\t\t<\/div>\n\t\t\n\t\t<a class=\"elementor-post__read-more\" href=\"https:\/\/www.incluyeme.org\/en\/testimonios\/mi-experiencia-como-facilitadora-de-fin-de-semana\/\" aria-label=\"Read more about Mi experiencia como Facilitadora de fin de semana\" tabindex=\"-1\" >\n\t\t\tLeer M\u00e1s &gt;&gt;\t\t<\/a>\n\n\t\t\t\t<\/div>\n\t\t\t\t<\/article>\n\t\t\t\t<article class=\"elementor-post elementor-grid-item post-13063 post type-post status-publish format-standard has-post-thumbnail hentry category-testimonios tag-discapacidad tag-discapacidad-intelectual tag-fundacion-incluyeme tag-inclusion tag-inclusion-laboral tag-inclusion-social tag-pcd tag-vida-independiente\" role=\"listitem\">\n\t\t\t\t<a class=\"elementor-post__thumbnail__link\" href=\"https:\/\/www.incluyeme.org\/en\/testimonios\/cambio-de-departamento-y-nuevos-retos\/\" tabindex=\"-1\" >\n\t\t\t<div class=\"elementor-post__thumbnail\"><img loading=\"lazy\" decoding=\"async\" width=\"225\" height=\"300\" src=\"https:\/\/www.incluyeme.org\/wp-content\/uploads\/2024\/02\/Imagen-de-WhatsApp-2024-01-03-a-las-20.44.28_1e5cdd81-225x300.jpg\" class=\"attachment-medium size-medium wp-image-13069\" alt=\"\" srcset=\"https:\/\/www.incluyeme.org\/wp-content\/uploads\/2024\/02\/Imagen-de-WhatsApp-2024-01-03-a-las-20.44.28_1e5cdd81-225x300.jpg 225w, https:\/\/www.incluyeme.org\/wp-content\/uploads\/2024\/02\/Imagen-de-WhatsApp-2024-01-03-a-las-20.44.28_1e5cdd81-768x1024.jpg 768w, https:\/\/www.incluyeme.org\/wp-content\/uploads\/2024\/02\/Imagen-de-WhatsApp-2024-01-03-a-las-20.44.28_1e5cdd81-1152x1536.jpg 1152w, https:\/\/www.incluyeme.org\/wp-content\/uploads\/2024\/02\/Imagen-de-WhatsApp-2024-01-03-a-las-20.44.28_1e5cdd81-9x12.jpg 9w, https:\/\/www.incluyeme.org\/wp-content\/uploads\/2024\/02\/Imagen-de-WhatsApp-2024-01-03-a-las-20.44.28_1e5cdd81.jpg 1200w\" sizes=\"(max-width: 225px) 100vw, 225px\" \/><\/div>\n\t\t<\/a>\n\t\t\t\t<div class=\"elementor-post__text\">\n\t\t\t\t<h3 class=\"elementor-post__title\">\n\t\t\t<a href=\"https:\/\/www.incluyeme.org\/en\/testimonios\/cambio-de-departamento-y-nuevos-retos\/\" >\n\t\t\t\tCambio de departamento y nuevos retos.\t\t\t<\/a>\n\t\t<\/h3>\n\t\t\t\t<div class=\"elementor-post__meta-data\">\n\t\t\t\t\t<span class=\"elementor-post-date\">\n\t\t\tNovember 24, 2023\t\t<\/span>\n\t\t\t\t<span class=\"elementor-post-avatar\">\n\t\t\tNo Comments\t\t<\/span>\n\t\t\t\t<\/div>\n\t\t\t\t<div class=\"elementor-post__excerpt\">\n\t\t\t<p>Invariablemente los cambios en todos los \u00e1mbitos es algo que siempre pasa tarde o temprano, nada es est\u00e1tico y creo que eso siempre es para<\/p>\n\t\t<\/div>\n\t\t\n\t\t<a class=\"elementor-post__read-more\" href=\"https:\/\/www.incluyeme.org\/en\/testimonios\/cambio-de-departamento-y-nuevos-retos\/\" aria-label=\"Read more about Cambio de departamento y nuevos retos.\" tabindex=\"-1\" >\n\t\t\tLeer M\u00e1s &gt;&gt;\t\t<\/a>\n\n\t\t\t\t<\/div>\n\t\t\t\t<\/article>\n\t\t\t\t<article class=\"elementor-post elementor-grid-item post-12911 post type-post status-publish format-standard has-post-thumbnail hentry category-testimonios tag-accesibilidad tag-discapacidad tag-discapacidad-intelectual tag-inclusion tag-inclusion-social tag-vida-independiente\" role=\"listitem\">\n\t\t\t\t<a class=\"elementor-post__thumbnail__link\" href=\"https:\/\/www.incluyeme.org\/en\/testimonios\/mi-experiencia-como-tallerista\/\" tabindex=\"-1\" >\n\t\t\t<div class=\"elementor-post__thumbnail\"><img loading=\"lazy\" decoding=\"async\" width=\"300\" height=\"225\" src=\"https:\/\/www.incluyeme.org\/wp-content\/uploads\/2023\/09\/IMG-20210423-WA0051-1-300x225.jpg\" class=\"attachment-medium size-medium wp-image-12924\" alt=\"\" srcset=\"https:\/\/www.incluyeme.org\/wp-content\/uploads\/2023\/09\/IMG-20210423-WA0051-1-300x225.jpg 300w, https:\/\/www.incluyeme.org\/wp-content\/uploads\/2023\/09\/IMG-20210423-WA0051-1-1024x768.jpg 1024w, https:\/\/www.incluyeme.org\/wp-content\/uploads\/2023\/09\/IMG-20210423-WA0051-1-768x576.jpg 768w, https:\/\/www.incluyeme.org\/wp-content\/uploads\/2023\/09\/IMG-20210423-WA0051-1-16x12.jpg 16w, https:\/\/www.incluyeme.org\/wp-content\/uploads\/2023\/09\/IMG-20210423-WA0051-1.jpg 1280w\" sizes=\"(max-width: 300px) 100vw, 300px\" \/><\/div>\n\t\t<\/a>\n\t\t\t\t<div class=\"elementor-post__text\">\n\t\t\t\t<h3 class=\"elementor-post__title\">\n\t\t\t<a href=\"https:\/\/www.incluyeme.org\/en\/testimonios\/mi-experiencia-como-tallerista\/\" >\n\t\t\t\tMi experiencia como tallerista.\t\t\t<\/a>\n\t\t<\/h3>\n\t\t\t\t<div class=\"elementor-post__meta-data\">\n\t\t\t\t\t<span class=\"elementor-post-date\">\n\t\t\tSeptember 8, 2023\t\t<\/span>\n\t\t\t\t<span class=\"elementor-post-avatar\">\n\t\t\tNo Comments\t\t<\/span>\n\t\t\t\t<\/div>\n\t\t\t\t<div class=\"elementor-post__excerpt\">\n\t\t\t<p>Formar parte del equipo de talleristas del Centro Incl\u00fayeme para el taller nombrado \u201cmis metas laborales\u201d ha sido enriquecedor para mi formaci\u00f3n profesional y ha<\/p>\n\t\t<\/div>\n\t\t\n\t\t<a class=\"elementor-post__read-more\" href=\"https:\/\/www.incluyeme.org\/en\/testimonios\/mi-experiencia-como-tallerista\/\" aria-label=\"Read more about Mi experiencia como tallerista.\" tabindex=\"-1\" >\n\t\t\tLeer M\u00e1s &gt;&gt;\t\t<\/a>\n\n\t\t\t\t<\/div>\n\t\t\t\t<\/article>\n\t\t\t\t<\/div>\n\t\t\n\t\t\t\t<div class=\"e-load-more-anchor\" data-page=\"1\" data-max-page=\"19\" data-next-page=\"https:\/\/www.incluyeme.org\/en\/wp-json\/wp\/v2\/pages\/3956\/page\/2\/\"><\/div>\n\t\t\t\t<nav class=\"elementor-pagination\" aria-label=\"Pagination\">\n\t\t\t<span class=\"page-numbers prev\">\u00ab Previous<\/span>\n<span aria-current=\"page\" class=\"page-numbers current\"><span class=\"elementor-screen-only\">Page<\/span>1<\/span>\n<a class=\"page-numbers\" href=\"https:\/\/www.incluyeme.org\/en\/wp-json\/wp\/v2\/pages\/3956\/page\/2\/\"><span class=\"elementor-screen-only\">Page<\/span>2<\/a>\n<a class=\"page-numbers\" href=\"https:\/\/www.incluyeme.org\/en\/wp-json\/wp\/v2\/pages\/3956\/page\/3\/\"><span class=\"elementor-screen-only\">Page<\/span>3<\/a>\n<a class=\"page-numbers\" href=\"https:\/\/www.incluyeme.org\/en\/wp-json\/wp\/v2\/pages\/3956\/page\/4\/\"><span class=\"elementor-screen-only\">Page<\/span>4<\/a>\n<a class=\"page-numbers\" href=\"https:\/\/www.incluyeme.org\/en\/wp-json\/wp\/v2\/pages\/3956\/page\/5\/\"><span class=\"elementor-screen-only\">Page<\/span>5<\/a>\n<a class=\"page-numbers\" href=\"https:\/\/www.incluyeme.org\/en\/wp-json\/wp\/v2\/pages\/3956\/page\/6\/\"><span class=\"elementor-screen-only\">Page<\/span>6<\/a>\n<a class=\"page-numbers\" href=\"https:\/\/www.incluyeme.org\/en\/wp-json\/wp\/v2\/pages\/3956\/page\/7\/\"><span class=\"elementor-screen-only\">Page<\/span>7<\/a>\n<a class=\"page-numbers\" href=\"https:\/\/www.incluyeme.org\/en\/wp-json\/wp\/v2\/pages\/3956\/page\/8\/\"><span class=\"elementor-screen-only\">Page<\/span>8<\/a>\n<a class=\"page-numbers\" href=\"https:\/\/www.incluyeme.org\/en\/wp-json\/wp\/v2\/pages\/3956\/page\/9\/\"><span class=\"elementor-screen-only\">Page<\/span>9<\/a>\n<a class=\"page-numbers\" href=\"https:\/\/www.incluyeme.org\/en\/wp-json\/wp\/v2\/pages\/3956\/page\/10\/\"><span class=\"elementor-screen-only\">Page<\/span>10<\/a>\n<a class=\"page-numbers\" href=\"https:\/\/www.incluyeme.org\/en\/wp-json\/wp\/v2\/pages\/3956\/page\/11\/\"><span class=\"elementor-screen-only\">Page<\/span>11<\/a>\n<a class=\"page-numbers\" href=\"https:\/\/www.incluyeme.org\/en\/wp-json\/wp\/v2\/pages\/3956\/page\/12\/\"><span class=\"elementor-screen-only\">Page<\/span>12<\/a>\n<a class=\"page-numbers\" href=\"https:\/\/www.incluyeme.org\/en\/wp-json\/wp\/v2\/pages\/3956\/page\/13\/\"><span class=\"elementor-screen-only\">Page<\/span>13<\/a>\n<a class=\"page-numbers\" href=\"https:\/\/www.incluyeme.org\/en\/wp-json\/wp\/v2\/pages\/3956\/page\/14\/\"><span class=\"elementor-screen-only\">Page<\/span>14<\/a>\n<a class=\"page-numbers\" href=\"https:\/\/www.incluyeme.org\/en\/wp-json\/wp\/v2\/pages\/3956\/page\/15\/\"><span class=\"elementor-screen-only\">Page<\/span>15<\/a>\n<a class=\"page-numbers\" href=\"https:\/\/www.incluyeme.org\/en\/wp-json\/wp\/v2\/pages\/3956\/page\/16\/\"><span class=\"elementor-screen-only\">Page<\/span>16<\/a>\n<a class=\"page-numbers\" href=\"https:\/\/www.incluyeme.org\/en\/wp-json\/wp\/v2\/pages\/3956\/page\/17\/\"><span class=\"elementor-screen-only\">Page<\/span>17<\/a>\n<a class=\"page-numbers\" href=\"https:\/\/www.incluyeme.org\/en\/wp-json\/wp\/v2\/pages\/3956\/page\/18\/\"><span class=\"elementor-screen-only\">Page<\/span>18<\/a>\n<a class=\"page-numbers\" href=\"https:\/\/www.incluyeme.org\/en\/wp-json\/wp\/v2\/pages\/3956\/page\/19\/\"><span class=\"elementor-screen-only\">Page<\/span>19<\/a>\n<a class=\"page-numbers next\" href=\"https:\/\/www.incluyeme.org\/en\/wp-json\/wp\/v2\/pages\/3956\/page\/2\/\">Next \u00bb<\/a>\t\t<\/nav>\n\t\t\t\t\t\t<\/div>\n\t\t\t\t<\/div>\n\t\t\t\t\t<\/div>\n\t\t<\/div>\n\t\t\t\t\t<\/div>\n\t\t<\/section>\n\t\t\t\t<\/div>","protected":false},"excerpt":{"rendered":"","protected":false},"author":19,"featured_media":0,"parent":0,"menu_order":0,"comment_status":"closed","ping_status":"closed","template":"","meta":{"site-sidebar-layout":"no-sidebar","site-content-layout":"page-builder","ast-site-content-layout":"default","site-content-style":"default","site-sidebar-style":"default","ast-global-header-display":"","ast-banner-title-visibility":"","ast-main-header-display":"","ast-hfb-above-header-display":"","ast-hfb-below-header-display":"","ast-hfb-mobile-header-display":"","site-post-title":"disabled","ast-breadcrumbs-content":"","ast-featured-img":"disabled","footer-sml-layout":"","ast-disable-related-posts":"","theme-transparent-header-meta":"default","adv-header-id-meta":"","stick-header-meta":"","header-above-stick-meta":"","header-main-stick-meta":"","header-below-stick-meta":"","astra-migrate-meta-layouts":"default","ast-page-background-enabled":"default","ast-page-background-meta":{"desktop":{"background-color":"","background-image":"","background-repeat":"repeat","background-position":"center center","background-size":"auto","background-attachment":"scroll","background-type":"","background-media":"","overlay-type":"","overlay-color":"","overlay-opacity":"","overlay-gradient":""},"tablet":{"background-color":"","background-image":"","background-repeat":"repeat","background-position":"center center","background-size":"auto","background-attachment":"scroll","background-type":"","background-media":"","overlay-type":"","overlay-color":"","overlay-opacity":"","overlay-gradient":""},"mobile":{"background-color":"","background-image":"","background-repeat":"repeat","background-position":"center center","background-size":"auto","background-attachment":"scroll","background-type":"","background-media":"","overlay-type":"","overlay-color":"","overlay-opacity":"","overlay-gradient":""}},"ast-content-background-meta":{"desktop":{"background-color":"var(--ast-global-color-5)","background-image":"","background-repeat":"repeat","background-position":"center center","background-size":"auto","background-attachment":"scroll","background-type":"","background-media":"","overlay-type":"","overlay-color":"","overlay-opacity":"","overlay-gradient":""},"tablet":{"background-color":"var(--ast-global-color-5)","background-image":"","background-repeat":"repeat","background-position":"center center","background-size":"auto","background-attachment":"scroll","background-type":"","background-media":"","overlay-type":"","overlay-color":"","overlay-opacity":"","overlay-gradient":""},"mobile":{"background-color":"var(--ast-global-color-5)","background-image":"","background-repeat":"repeat","background-position":"center center","background-size":"auto","background-attachment":"scroll","background-type":"","background-media":"","overlay-type":"","overlay-color":"","overlay-opacity":"","overlay-gradient":""}},"footnotes":""},"class_list":["post-3956","page","type-page","status-publish","hentry"],"_links":{"self":[{"href":"https:\/\/www.incluyeme.org\/en\/wp-json\/wp\/v2\/pages\/3956","targetHints":{"allow":["GET"]}}],"collection":[{"href":"https:\/\/www.incluyeme.org\/en\/wp-json\/wp\/v2\/pages"}],"about":[{"href":"https:\/\/www.incluyeme.org\/en\/wp-json\/wp\/v2\/types\/page"}],"author":[{"embeddable":true,"href":"https:\/\/www.incluyeme.org\/en\/wp-json\/wp\/v2\/users\/19"}],"replies":[{"embeddable":true,"href":"https:\/\/www.incluyeme.org\/en\/wp-json\/wp\/v2\/comments?post=3956"}],"version-history":[{"count":18,"href":"https:\/\/www.incluyeme.org\/en\/wp-json\/wp\/v2\/pages\/3956\/revisions"}],"predecessor-version":[{"id":12673,"href":"https:\/\/www.incluyeme.org\/en\/wp-json\/wp\/v2\/pages\/3956\/revisions\/12673"}],"wp:attachment":[{"href":"https:\/\/www.incluyeme.org\/en\/wp-json\/wp\/v2\/media?parent=3956"}],"curies":[{"name":"wp","href":"https:\/\/api.w.org\/{rel}","templated":true}]}}