{"id":1292,"date":"2019-10-22T13:57:23","date_gmt":"2019-10-22T18:57:23","guid":{"rendered":"https:\/\/www.incluyeme.org\/?page_id=1292"},"modified":"2020-07-20T18:56:35","modified_gmt":"2020-07-20T23:56:35","slug":"aviso-de-privacidad","status":"publish","type":"page","link":"https:\/\/www.incluyeme.org\/en\/aviso-de-privacidad\/","title":{"rendered":"Aviso de privacidad"},"content":{"rendered":"<div data-elementor-type=\"wp-page\" data-elementor-id=\"1292\" class=\"elementor elementor-1292\" data-elementor-post-type=\"page\">\n\t\t\t\t\t\t<section class=\"elementor-section elementor-top-section elementor-element elementor-element-03e441c elementor-section-boxed elementor-section-height-default elementor-section-height-default\" data-id=\"03e441c\" data-element_type=\"section\" data-e-type=\"section\">\n\t\t\t\t\t\t<div class=\"elementor-container elementor-column-gap-default\">\n\t\t\t\t\t<div class=\"elementor-column elementor-col-100 elementor-top-column elementor-element elementor-element-d24f496\" data-id=\"d24f496\" data-element_type=\"column\" data-e-type=\"column\">\n\t\t\t<div class=\"elementor-widget-wrap elementor-element-populated\">\n\t\t\t\t\t\t<div class=\"elementor-element elementor-element-ca50463 elementor-widget elementor-widget-heading\" data-id=\"ca50463\" data-element_type=\"widget\" data-e-type=\"widget\" data-widget_type=\"heading.default\">\n\t\t\t\t<div class=\"elementor-widget-container\">\n\t\t\t\t\t<h2 class=\"elementor-heading-title elementor-size-default\">Aviso de privacidad<\/h2>\t\t\t\t<\/div>\n\t\t\t\t<\/div>\n\t\t\t\t\t<\/div>\n\t\t<\/div>\n\t\t\t\t\t<\/div>\n\t\t<\/section>\n\t\t\t\t<section class=\"elementor-section elementor-top-section elementor-element elementor-element-14ce0390 elementor-section-boxed elementor-section-height-default elementor-section-height-default\" data-id=\"14ce0390\" data-element_type=\"section\" data-e-type=\"section\">\n\t\t\t\t\t\t<div class=\"elementor-container elementor-column-gap-default\">\n\t\t\t\t\t<div class=\"elementor-column elementor-col-100 elementor-top-column elementor-element elementor-element-7496e6c6\" data-id=\"7496e6c6\" data-element_type=\"column\" data-e-type=\"column\">\n\t\t\t<div class=\"elementor-widget-wrap elementor-element-populated\">\n\t\t\t\t\t\t<div class=\"elementor-element elementor-element-135f1f0b elementor-widget elementor-widget-text-editor\" data-id=\"135f1f0b\" data-element_type=\"widget\" data-e-type=\"widget\" data-widget_type=\"text-editor.default\">\n\t\t\t\t<div class=\"elementor-widget-container\">\n\t\t\t\t\t\t\t\t\t<p>Con fundamento en los art\u00edculos 15 y 16 de la Ley Federal de Protecci\u00f3n de Datos Personales en Posesi\u00f3n de Particulares hacemos de su conocimiento que Fundaci\u00f3n Incl\u00fayeme A.C. y Fundaci\u00f3n Incl\u00fayeme I.A.P son responsables de recabar sus datos personales, del uso que se le d\u00e9 a los mismos y de su protecci\u00f3n.<\/p>\n<p>Su informaci\u00f3n personal ser\u00e1 utilizada para las siguientes finalidades:<\/p>\n<p><strong>\u00b7 Proveer los servicios y productos que ha solicitado <\/strong><\/p>\n<p><strong>\u00b7 Notificarle sobre nuevos servicios o productos que tengan relaci\u00f3n con los ya contratados o adquiridos <\/strong><\/p>\n<p><strong>\u00b7 Comunicarle sobre cambios en los mismos <\/strong><\/p>\n<p><strong>\u00b7 Elaborar estudios y programas que son necesarios para determinar h\u00e1bitos de consumo <\/strong><\/p>\n<p><strong>\u00b7 Realizar evaluaciones peri\u00f3dicas de nuestros productos y servicios a efecto de mejorar la calidad de estos <\/strong><\/p>\n<p><strong>\u00b7 Evaluar la calidad del servicio que brindamos, y en general, para dar cumplimiento a las obligaciones que hemos contra\u00eddo con usted.<\/strong><\/p>\n<p>Para las finalidades antes mencionadas, requerimos obtener algunos de los siguientes datos personales dependiendo del caso:<\/p>\n<p><strong>\u00b7 Nombre completo <\/strong><\/p>\n<p><strong>\u00b7 Tel\u00e9fono fijo y\/o celular <\/strong><\/p>\n<p><strong>\u00b7 Correo electr\u00f3nico <\/strong><\/p>\n<p><strong>\u00b7 Firma aut\u00f3grafa <\/strong><\/p>\n<p><strong>\u00b7 Direcci\u00f3n<\/strong><\/p>\n<p>Con base en la ley en materia de protecci\u00f3n de datos personales en posesi\u00f3n de particulares, los siguientes datos son considerados sensibles:<\/p>\n<p><strong>\u00b7 Padecimientos de salud <\/strong><\/p>\n<p><strong>\u00b7 Historia m\u00e9dica, evaluaci\u00f3n de habilidades, evaluaci\u00f3n psicol\u00f3gica<\/strong><\/p>\n<p>Es importante informarle que usted tiene derecho al Acceso, Rectificaci\u00f3n y Cancelaci\u00f3n de sus datos personales, a Oponerse al tratamiento de estos, o a revocar el consentimiento que para dicho fin nos haya otorgado.<\/p>\n<p>Para ello, es necesario que env\u00ede la solicitud en los t\u00e9rminos que marca la Ley en su Art. 29 a contacto@incluyeme.org donde se canalizar\u00e1 al \u00e1rea correspondiente para su seguimiento, o bien, se comunique al tel\u00e9fono 55 5589 8134<\/p>\n<p>Importante: Cualquier modificaci\u00f3n a este Aviso de Privacidad podr\u00e1 consultarlo en http:\/\/www.incluyeme.org<\/p>\n<p>Fecha de \u00faltima actualizaci\u00f3n: 22\/10\/2019<\/p>\t\t\t\t\t\t\t\t<\/div>\n\t\t\t\t<\/div>\n\t\t\t\t\t<\/div>\n\t\t<\/div>\n\t\t\t\t\t<\/div>\n\t\t<\/section>\n\t\t\t\t<\/div>","protected":false},"excerpt":{"rendered":"<p>Aviso de privacidad Con fundamento en los art\u00edculos 15 y 16 de la Ley Federal de Protecci\u00f3n de Datos Personales en Posesi\u00f3n de Particulares hacemos de su conocimiento que Fundaci\u00f3n Incl\u00fayeme A.C. y Fundaci\u00f3n Incl\u00fayeme I.A.P son responsables de recabar sus datos personales, del uso que se le d\u00e9 a los mismos y de su [&hellip;]<\/p>\n","protected":false},"author":4,"featured_media":0,"parent":0,"menu_order":0,"comment_status":"closed","ping_status":"closed","template":"elementor_header_footer","meta":{"site-sidebar-layout":"default","site-content-layout":"default","ast-site-content-layout":"default","site-content-style":"default","site-sidebar-style":"default","ast-global-header-display":"","ast-banner-title-visibility":"","ast-main-header-display":"","ast-hfb-above-header-display":"","ast-hfb-below-header-display":"","ast-hfb-mobile-header-display":"","site-post-title":"","ast-breadcrumbs-content":"","ast-featured-img":"","footer-sml-layout":"","ast-disable-related-posts":"","theme-transparent-header-meta":"default","adv-header-id-meta":"","stick-header-meta":"","header-above-stick-meta":"","header-main-stick-meta":"","header-below-stick-meta":"","astra-migrate-meta-layouts":"default","ast-page-background-enabled":"default","ast-page-background-meta":{"desktop":{"background-color":"","background-image":"","background-repeat":"repeat","background-position":"center center","background-size":"auto","background-attachment":"scroll","background-type":"","background-media":"","overlay-type":"","overlay-color":"","overlay-opacity":"","overlay-gradient":""},"tablet":{"background-color":"","background-image":"","background-repeat":"repeat","background-position":"center center","background-size":"auto","background-attachment":"scroll","background-type":"","background-media":"","overlay-type":"","overlay-color":"","overlay-opacity":"","overlay-gradient":""},"mobile":{"background-color":"","background-image":"","background-repeat":"repeat","background-position":"center center","background-size":"auto","background-attachment":"scroll","background-type":"","background-media":"","overlay-type":"","overlay-color":"","overlay-opacity":"","overlay-gradient":""}},"ast-content-background-meta":{"desktop":{"background-color":"var(--ast-global-color-5)","background-image":"","background-repeat":"repeat","background-position":"center center","background-size":"auto","background-attachment":"scroll","background-type":"","background-media":"","overlay-type":"","overlay-color":"","overlay-opacity":"","overlay-gradient":""},"tablet":{"background-color":"var(--ast-global-color-5)","background-image":"","background-repeat":"repeat","background-position":"center center","background-size":"auto","background-attachment":"scroll","background-type":"","background-media":"","overlay-type":"","overlay-color":"","overlay-opacity":"","overlay-gradient":""},"mobile":{"background-color":"var(--ast-global-color-5)","background-image":"","background-repeat":"repeat","background-position":"center center","background-size":"auto","background-attachment":"scroll","background-type":"","background-media":"","overlay-type":"","overlay-color":"","overlay-opacity":"","overlay-gradient":""}},"footnotes":""},"class_list":["post-1292","page","type-page","status-publish","hentry"],"_links":{"self":[{"href":"https:\/\/www.incluyeme.org\/en\/wp-json\/wp\/v2\/pages\/1292","targetHints":{"allow":["GET"]}}],"collection":[{"href":"https:\/\/www.incluyeme.org\/en\/wp-json\/wp\/v2\/pages"}],"about":[{"href":"https:\/\/www.incluyeme.org\/en\/wp-json\/wp\/v2\/types\/page"}],"author":[{"embeddable":true,"href":"https:\/\/www.incluyeme.org\/en\/wp-json\/wp\/v2\/users\/4"}],"replies":[{"embeddable":true,"href":"https:\/\/www.incluyeme.org\/en\/wp-json\/wp\/v2\/comments?post=1292"}],"version-history":[{"count":9,"href":"https:\/\/www.incluyeme.org\/en\/wp-json\/wp\/v2\/pages\/1292\/revisions"}],"predecessor-version":[{"id":10727,"href":"https:\/\/www.incluyeme.org\/en\/wp-json\/wp\/v2\/pages\/1292\/revisions\/10727"}],"wp:attachment":[{"href":"https:\/\/www.incluyeme.org\/en\/wp-json\/wp\/v2\/media?parent=1292"}],"curies":[{"name":"wp","href":"https:\/\/api.w.org\/{rel}","templated":true}]}}