{"id":1266,"date":"2019-10-22T11:19:20","date_gmt":"2019-10-22T16:19:20","guid":{"rendered":"https:\/\/www.incluyeme.org\/?page_id=1266"},"modified":"2025-05-08T10:22:50","modified_gmt":"2025-05-08T16:22:50","slug":"comiteejecutivo","status":"publish","type":"page","link":"https:\/\/www.incluyeme.org\/en\/quienes-somos\/comiteejecutivo\/","title":{"rendered":"Executive committee"},"content":{"rendered":"<div data-elementor-type=\"wp-page\" data-elementor-id=\"1266\" class=\"elementor elementor-1266\" data-elementor-post-type=\"page\">\n\t\t\t\t\t\t<section class=\"elementor-section elementor-top-section elementor-element elementor-element-5c895ea7 elementor-section-boxed elementor-section-height-default elementor-section-height-default\" data-id=\"5c895ea7\" data-element_type=\"section\" data-e-type=\"section\" data-settings=\"{&quot;background_background&quot;:&quot;slideshow&quot;,&quot;background_slideshow_gallery&quot;:[],&quot;background_slideshow_loop&quot;:&quot;yes&quot;,&quot;background_slideshow_slide_duration&quot;:5000,&quot;background_slideshow_slide_transition&quot;:&quot;fade&quot;,&quot;background_slideshow_transition_duration&quot;:500}\">\n\t\t\t\t\t\t<div class=\"elementor-container elementor-column-gap-default\">\n\t\t\t\t\t<div class=\"elementor-column elementor-col-100 elementor-top-column elementor-element elementor-element-6800ad25\" data-id=\"6800ad25\" data-element_type=\"column\" data-e-type=\"column\">\n\t\t\t<div class=\"elementor-widget-wrap elementor-element-populated\">\n\t\t\t\t\t\t<div class=\"elementor-element elementor-element-1c545b15 elementor-widget elementor-widget-heading\" data-id=\"1c545b15\" data-element_type=\"widget\" data-e-type=\"widget\" data-widget_type=\"heading.default\">\n\t\t\t\t<div class=\"elementor-widget-container\">\n\t\t\t\t\t<h2 class=\"elementor-heading-title elementor-size-default\">Executive committee<\/h2>\t\t\t\t<\/div>\n\t\t\t\t<\/div>\n\t\t\t\t<section class=\"elementor-section elementor-inner-section elementor-element elementor-element-502f01e elementor-section-boxed elementor-section-height-default elementor-section-height-default\" data-id=\"502f01e\" data-element_type=\"section\" data-e-type=\"section\">\n\t\t\t\t\t\t<div class=\"elementor-container elementor-column-gap-default\">\n\t\t\t\t\t<div class=\"elementor-column elementor-col-50 elementor-inner-column elementor-element elementor-element-f3a5eeb\" data-id=\"f3a5eeb\" data-element_type=\"column\" data-e-type=\"column\">\n\t\t\t<div class=\"elementor-widget-wrap elementor-element-populated\">\n\t\t\t\t\t\t<div class=\"elementor-element elementor-element-352baf9 elementor-widget elementor-widget-image\" data-id=\"352baf9\" data-element_type=\"widget\" data-e-type=\"widget\" data-widget_type=\"image.default\">\n\t\t\t\t<div class=\"elementor-widget-container\">\n\t\t\t\t\t\t\t\t\t\t\t\t\t\t\t<img fetchpriority=\"high\" decoding=\"async\" width=\"1024\" height=\"1024\" src=\"https:\/\/www.incluyeme.org\/wp-content\/uploads\/2023\/06\/3-1024x1024.png\" class=\"attachment-large size-large wp-image-12336\" alt=\"\" srcset=\"https:\/\/www.incluyeme.org\/wp-content\/uploads\/2023\/06\/3-1024x1024.png 1024w, https:\/\/www.incluyeme.org\/wp-content\/uploads\/2023\/06\/3-300x300.png 300w, https:\/\/www.incluyeme.org\/wp-content\/uploads\/2023\/06\/3-150x150.png 150w, https:\/\/www.incluyeme.org\/wp-content\/uploads\/2023\/06\/3-768x768.png 768w, https:\/\/www.incluyeme.org\/wp-content\/uploads\/2023\/06\/3-12x12.png 12w, https:\/\/www.incluyeme.org\/wp-content\/uploads\/2023\/06\/3.png 1080w\" sizes=\"(max-width: 1024px) 100vw, 1024px\" \/>\t\t\t\t\t\t\t\t\t\t\t\t\t\t\t<\/div>\n\t\t\t\t<\/div>\n\t\t\t\t<div class=\"elementor-element elementor-element-1d44280 elementor-widget elementor-widget-image\" data-id=\"1d44280\" data-element_type=\"widget\" data-e-type=\"widget\" data-widget_type=\"image.default\">\n\t\t\t\t<div class=\"elementor-widget-container\">\n\t\t\t\t\t\t\t\t\t\t\t\t\t\t\t<img decoding=\"async\" width=\"1024\" height=\"1024\" src=\"https:\/\/www.incluyeme.org\/wp-content\/uploads\/2025\/05\/Direccion-fotos-web-1024x1024.png\" class=\"attachment-large size-large wp-image-13455\" alt=\"\" srcset=\"https:\/\/www.incluyeme.org\/wp-content\/uploads\/2025\/05\/Direccion-fotos-web-1024x1024.png 1024w, https:\/\/www.incluyeme.org\/wp-content\/uploads\/2025\/05\/Direccion-fotos-web-300x300.png 300w, https:\/\/www.incluyeme.org\/wp-content\/uploads\/2025\/05\/Direccion-fotos-web-150x150.png 150w, https:\/\/www.incluyeme.org\/wp-content\/uploads\/2025\/05\/Direccion-fotos-web-768x768.png 768w, https:\/\/www.incluyeme.org\/wp-content\/uploads\/2025\/05\/Direccion-fotos-web-12x12.png 12w, https:\/\/www.incluyeme.org\/wp-content\/uploads\/2025\/05\/Direccion-fotos-web.png 1080w\" sizes=\"(max-width: 1024px) 100vw, 1024px\" \/>\t\t\t\t\t\t\t\t\t\t\t\t\t\t\t<\/div>\n\t\t\t\t<\/div>\n\t\t\t\t\t<\/div>\n\t\t<\/div>\n\t\t\t\t<div class=\"elementor-column elementor-col-50 elementor-inner-column elementor-element elementor-element-03103d4\" data-id=\"03103d4\" data-element_type=\"column\" data-e-type=\"column\">\n\t\t\t<div class=\"elementor-widget-wrap elementor-element-populated\">\n\t\t\t\t\t\t<div class=\"elementor-element elementor-element-e051f7d elementor-widget elementor-widget-image\" data-id=\"e051f7d\" data-element_type=\"widget\" data-e-type=\"widget\" data-widget_type=\"image.default\">\n\t\t\t\t<div class=\"elementor-widget-container\">\n\t\t\t\t\t\t\t\t\t\t\t\t\t\t\t<img decoding=\"async\" width=\"1024\" height=\"1024\" src=\"https:\/\/www.incluyeme.org\/wp-content\/uploads\/2023\/06\/1-1024x1024.png\" class=\"attachment-large size-large wp-image-12334\" alt=\"\" srcset=\"https:\/\/www.incluyeme.org\/wp-content\/uploads\/2023\/06\/1-1024x1024.png 1024w, https:\/\/www.incluyeme.org\/wp-content\/uploads\/2023\/06\/1-300x300.png 300w, https:\/\/www.incluyeme.org\/wp-content\/uploads\/2023\/06\/1-150x150.png 150w, https:\/\/www.incluyeme.org\/wp-content\/uploads\/2023\/06\/1-768x768.png 768w, https:\/\/www.incluyeme.org\/wp-content\/uploads\/2023\/06\/1-12x12.png 12w, https:\/\/www.incluyeme.org\/wp-content\/uploads\/2023\/06\/1.png 1080w\" sizes=\"(max-width: 1024px) 100vw, 1024px\" \/>\t\t\t\t\t\t\t\t\t\t\t\t\t\t\t<\/div>\n\t\t\t\t<\/div>\n\t\t\t\t<div class=\"elementor-element elementor-element-f766b7f elementor-widget elementor-widget-heading\" data-id=\"f766b7f\" data-element_type=\"widget\" data-e-type=\"widget\" data-widget_type=\"heading.default\">\n\t\t\t\t<div class=\"elementor-widget-container\">\n\t\t\t\t\t<h2 class=\"elementor-heading-title elementor-size-default\">Our Executive Committee is also made up of:<\/h2>\t\t\t\t<\/div>\n\t\t\t\t<\/div>\n\t\t\t\t<div class=\"elementor-element elementor-element-122c74a elementor-widget elementor-widget-text-editor\" data-id=\"122c74a\" data-element_type=\"widget\" data-e-type=\"widget\" data-widget_type=\"text-editor.default\">\n\t\t\t\t<div class=\"elementor-widget-container\">\n\t\t\t\t\t\t\t\t\t<h2 class=\"_04xlpA direction-ltr align-center para-style-body\"><span class=\"WdYUQQ text-decoration-none text-strikethrough-none\">Armando Mart\u00ednez<\/span><\/h2><h2 class=\"_04xlpA direction-ltr align-center para-style-body\"><span class=\"WdYUQQ text-decoration-none text-strikethrough-none\">Benjam\u00edn Llano<\/span><\/h2><h2 class=\"_04xlpA direction-ltr align-center para-style-body\"><span class=\"WdYUQQ text-decoration-none text-strikethrough-none\">Juan Carlos Braniff<\/span><\/h2><h2 class=\"_04xlpA direction-ltr align-center para-style-body\"><span class=\"WdYUQQ text-decoration-none text-strikethrough-none\">Adri\u00e1n\u00a0Ibarrola<\/span><\/h2>\t\t\t\t\t\t\t\t<\/div>\n\t\t\t\t<\/div>\n\t\t\t\t\t<\/div>\n\t\t<\/div>\n\t\t\t\t\t<\/div>\n\t\t<\/section>\n\t\t\t\t\t<\/div>\n\t\t<\/div>\n\t\t\t\t\t<\/div>\n\t\t<\/section>\n\t\t\t\t<\/div>","protected":false},"excerpt":{"rendered":"<p>Comit\u00e9 Ejecutivo Nuestro Comit\u00e9 Ejecutivo tambi\u00e9n est\u00e1 conformado por: Armando Mart\u00ednez Benjam\u00edn Llano Juan Carlos Braniff Adri\u00e1n\u00a0Ibarrola<\/p>","protected":false},"author":19,"featured_media":0,"parent":906,"menu_order":0,"comment_status":"closed","ping_status":"closed","template":"","meta":{"site-sidebar-layout":"no-sidebar","site-content-layout":"page-builder","ast-site-content-layout":"default","site-content-style":"default","site-sidebar-style":"default","ast-global-header-display":"","ast-banner-title-visibility":"","ast-main-header-display":"","ast-hfb-above-header-display":"","ast-hfb-below-header-display":"","ast-hfb-mobile-header-display":"","site-post-title":"disabled","ast-breadcrumbs-content":"","ast-featured-img":"disabled","footer-sml-layout":"","ast-disable-related-posts":"","theme-transparent-header-meta":"default","adv-header-id-meta":"","stick-header-meta":"","header-above-stick-meta":"","header-main-stick-meta":"","header-below-stick-meta":"","astra-migrate-meta-layouts":"default","ast-page-background-enabled":"default","ast-page-background-meta":{"desktop":{"background-color":"","background-image":"","background-repeat":"repeat","background-position":"center center","background-size":"auto","background-attachment":"scroll","background-type":"","background-media":"","overlay-type":"","overlay-color":"","overlay-opacity":"","overlay-gradient":""},"tablet":{"background-color":"","background-image":"","background-repeat":"repeat","background-position":"center center","background-size":"auto","background-attachment":"scroll","background-type":"","background-media":"","overlay-type":"","overlay-color":"","overlay-opacity":"","overlay-gradient":""},"mobile":{"background-color":"","background-image":"","background-repeat":"repeat","background-position":"center center","background-size":"auto","background-attachment":"scroll","background-type":"","background-media":"","overlay-type":"","overlay-color":"","overlay-opacity":"","overlay-gradient":""}},"ast-content-background-meta":{"desktop":{"background-color":"var(--ast-global-color-5)","background-image":"","background-repeat":"repeat","background-position":"center center","background-size":"auto","background-attachment":"scroll","background-type":"","background-media":"","overlay-type":"","overlay-color":"","overlay-opacity":"","overlay-gradient":""},"tablet":{"background-color":"var(--ast-global-color-5)","background-image":"","background-repeat":"repeat","background-position":"center center","background-size":"auto","background-attachment":"scroll","background-type":"","background-media":"","overlay-type":"","overlay-color":"","overlay-opacity":"","overlay-gradient":""},"mobile":{"background-color":"var(--ast-global-color-5)","background-image":"","background-repeat":"repeat","background-position":"center center","background-size":"auto","background-attachment":"scroll","background-type":"","background-media":"","overlay-type":"","overlay-color":"","overlay-opacity":"","overlay-gradient":""}},"footnotes":""},"class_list":["post-1266","page","type-page","status-publish","hentry"],"_links":{"self":[{"href":"https:\/\/www.incluyeme.org\/en\/wp-json\/wp\/v2\/pages\/1266","targetHints":{"allow":["GET"]}}],"collection":[{"href":"https:\/\/www.incluyeme.org\/en\/wp-json\/wp\/v2\/pages"}],"about":[{"href":"https:\/\/www.incluyeme.org\/en\/wp-json\/wp\/v2\/types\/page"}],"author":[{"embeddable":true,"href":"https:\/\/www.incluyeme.org\/en\/wp-json\/wp\/v2\/users\/19"}],"replies":[{"embeddable":true,"href":"https:\/\/www.incluyeme.org\/en\/wp-json\/wp\/v2\/comments?post=1266"}],"version-history":[{"count":44,"href":"https:\/\/www.incluyeme.org\/en\/wp-json\/wp\/v2\/pages\/1266\/revisions"}],"predecessor-version":[{"id":13458,"href":"https:\/\/www.incluyeme.org\/en\/wp-json\/wp\/v2\/pages\/1266\/revisions\/13458"}],"up":[{"embeddable":true,"href":"https:\/\/www.incluyeme.org\/en\/wp-json\/wp\/v2\/pages\/906"}],"wp:attachment":[{"href":"https:\/\/www.incluyeme.org\/en\/wp-json\/wp\/v2\/media?parent=1266"}],"curies":[{"name":"wp","href":"https:\/\/api.w.org\/{rel}","templated":true}]}}